{"id":84,"date":"2014-05-31T03:56:02","date_gmt":"2014-05-31T03:56:02","guid":{"rendered":"http:\/\/ella-wuensche.de\/?page_id=84"},"modified":"2021-06-29T14:16:38","modified_gmt":"2021-06-29T14:16:38","slug":"eine-unmogliche-liebe","status":"publish","type":"page","link":"https:\/\/ella-wuensche.de\/jupiter_installation\/eine-unmogliche-liebe\/","title":{"rendered":"Eine (un)m\u00f6gliche Liebe"},"content":{"rendered":"<p>[rev_slider alias=&#8220;particle-effect-two13&#8243;]<\/p>\n<p>Abenteuer, Leidenschaft und Erfolg als Reiseschriftstellerin \u2013 so hat sich Natalie ihr Leben einst ertr\u00e4umt. Doch kurz vor ihrem 40. Geburtstag hat sie nur einen langweiligen Job als Texterin bei einer Heizk\u00f6rper-Firma vorzuweisen.<\/p>\n<p>Dann lernt sie den f\u00fcnfzehn Jahre j\u00fcngeren Jo kennen. Obwohl es zwischen den beiden sofort funkt, scheint der Altersunterschied eine un\u00fcberwindbare H\u00fcrde zu sein. Natalie entscheidet sich, ihr Leben endlich nicht mehr von den M\u00e4nnern diktieren zu lassen. Sie bricht aus ihren wohlgeordneten Bahnen aus und reist nach Kuba. Dort warten gro\u00dfe \u00dcberraschungen auf sie &#8230; doch was n\u00fctzen alle Abenteuer der Welt, wenn niemand da ist, mit dem man sie teilen kann?<\/p>\n<p><strong><img loading=\"lazy\" decoding=\"async\" class=\"alignnone size-full wp-image-85\" src=\"https:\/\/ella-wuensche.de\/jupiter_installation\/wp-content\/uploads\/2014\/05\/Cover_klein.jpg\" alt=\"Cover_klein\" width=\"162\" height=\"250\" \/><\/strong><\/p>\n<p><strong>Hier k\u00f6nnt Ihr das Buch bestellen:<\/strong> <a href=\"http:\/\/bit.ly\/unmoeglicheliebe\">kindle eBook<\/a> und <a href=\"http:\/\/www.amazon.de\/Eine-m\u00f6gliche-Liebe-Ella-W\u00fcnsche-ebook\/dp\/3734737397\/ref=la_B00HBU1J20_1_7_twi_pap_2?s=books&amp;ie=UTF8&amp;qid=1460923855&amp;sr=1-7\">gedruckte Ausgabe<\/a> bei Amazon.<\/p>\n<p><em style=\"font-size: inherit; color: var(--global--color-primary); font-family: var(--global--font-secondary);\">Lesermeinungen:<\/em><\/p>\n<p style=\"text-align: left;\">\u00bbMit Humor und etwas Tiefgang ist Ella W\u00fcnsche ein herrlicher Liebesroman gelungen\u00ab \u2013 C. D\u00f6ring<br \/>\n\u00bbF\u00fcr alle, die eine sch\u00f6ne, leichte Lekt\u00fcre suchen, kann ich dieses Buch sehr empfehlen!!\u00ab \u2013 Perlentaucher<br \/>\n\u00bbDurch die vielen unerwarteten Erlebnisse und Wendungen innerhalb der Story wird das Lesen an keiner Stelle langweilig, daher kann ich diesen Roman wirklich weiterempfehlen und vergebe 5 Sterne\u00ab \u2013 Kityy411 B\u00fccherblog<\/p>\n<p style=\"text-align: left;\">\n","protected":false},"excerpt":{"rendered":"<p>[rev_slider alias=&#8220;particle-effect-two13&#8243;] Abenteuer, Leidenschaft und Erfolg als Reiseschriftstellerin \u2013 so hat sich Natalie ihr Leben einst ertr\u00e4umt. Doch kurz vor ihrem 40. Geburtstag hat sie nur einen langweiligen Job als Texterin bei einer Heizk\u00f6rper-Firma vorzuweisen. Dann lernt sie den f\u00fcnfzehn Jahre j\u00fcngeren Jo kennen. Obwohl es zwischen den beiden sofort funkt, scheint der Altersunterschied eine un\u00fcberwindbare H\u00fcrde zu sein. Natalie entscheidet sich, ihr Leben endlich nicht mehr von den M\u00e4nnern diktieren zu lassen. Sie bricht aus ihren wohlgeordneten Bahnen aus und reist nach Kuba. Dort warten gro\u00dfe \u00dcberraschungen auf sie &#8230; doch was n\u00fctzen alle Abenteuer der Welt, wenn niemand da ist, mit dem man sie teilen kann? Hier k\u00f6nnt Ihr das Buch bestellen: kindle eBook und gedruckte Ausgabe bei Amazon. Lesermeinungen: \u00bbMit Humor und etwas Tiefgang ist Ella W\u00fcnsche ein herrlicher Liebesroman gelungen\u00ab \u2013 C. D\u00f6ring \u00bbF\u00fcr alle, die eine sch\u00f6ne, leichte Lekt\u00fcre suchen, kann ich dieses Buch sehr empfehlen!!\u00ab \u2013 Perlentaucher \u00bbDurch die vielen unerwarteten Erlebnisse und Wendungen innerhalb der Story wird das Lesen an keiner Stelle langweilig, daher kann ich diesen Roman wirklich weiterempfehlen und vergebe 5 Sterne\u00ab \u2013 Kityy411 B\u00fccherblog<\/p>\n","protected":false},"author":1,"featured_media":0,"parent":0,"menu_order":0,"comment_status":"open","ping_status":"closed","template":"","meta":{"footnotes":""},"class_list":["post-84","page","type-page","status-publish","hentry"],"acf":[],"_links":{"self":[{"href":"https:\/\/ella-wuensche.de\/jupiter_installation\/wp-json\/wp\/v2\/pages\/84","targetHints":{"allow":["GET"]}}],"collection":[{"href":"https:\/\/ella-wuensche.de\/jupiter_installation\/wp-json\/wp\/v2\/pages"}],"about":[{"href":"https:\/\/ella-wuensche.de\/jupiter_installation\/wp-json\/wp\/v2\/types\/page"}],"author":[{"embeddable":true,"href":"https:\/\/ella-wuensche.de\/jupiter_installation\/wp-json\/wp\/v2\/users\/1"}],"replies":[{"embeddable":true,"href":"https:\/\/ella-wuensche.de\/jupiter_installation\/wp-json\/wp\/v2\/comments?post=84"}],"version-history":[{"count":2,"href":"https:\/\/ella-wuensche.de\/jupiter_installation\/wp-json\/wp\/v2\/pages\/84\/revisions"}],"predecessor-version":[{"id":679,"href":"https:\/\/ella-wuensche.de\/jupiter_installation\/wp-json\/wp\/v2\/pages\/84\/revisions\/679"}],"wp:attachment":[{"href":"https:\/\/ella-wuensche.de\/jupiter_installation\/wp-json\/wp\/v2\/media?parent=84"}],"curies":[{"name":"wp","href":"https:\/\/api.w.org\/{rel}","templated":true}]}}