{"id":793,"date":"2024-03-31T11:30:19","date_gmt":"2024-03-31T11:30:19","guid":{"rendered":"https:\/\/ella-wuensche.de\/jupiter_installation\/?page_id=793"},"modified":"2025-01-02T09:14:18","modified_gmt":"2025-01-02T09:14:18","slug":"start","status":"publish","type":"page","link":"https:\/\/ella-wuensche.de\/jupiter_installation\/","title":{"rendered":"Start"},"content":{"rendered":"\n<h2 class=\"wp-block-heading has-text-align-center has-text-color has-link-color wp-elements-e8bdf55ba528dbc3d075e51974972feb\" style=\"color:#f30a6c\">Aktuelle Neuerscheinung<\/h2>\n\n\n\n<div style=\"height:18px\" aria-hidden=\"true\" class=\"wp-block-spacer\"><\/div>\n\n\n<ul style=\"font-size:20px;font-style:normal;font-weight:300;\" class=\"wp-block-latest-posts__list has-dates wp-block-latest-posts\"><li><div class=\"wp-block-latest-posts__featured-image alignleft\"><img loading=\"lazy\" decoding=\"async\" width=\"300\" height=\"300\" src=\"https:\/\/ella-wuensche.de\/jupiter_installation\/wp-content\/uploads\/2026\/05\/Buch_Tisch-Square-300x300.jpg\" class=\"attachment-medium size-medium wp-post-image\" alt=\"\" style=\"max-width:300px;max-height:300px;\" srcset=\"https:\/\/ella-wuensche.de\/jupiter_installation\/wp-content\/uploads\/2026\/05\/Buch_Tisch-Square-300x300.jpg 300w, https:\/\/ella-wuensche.de\/jupiter_installation\/wp-content\/uploads\/2026\/05\/Buch_Tisch-Square-150x150.jpg 150w, https:\/\/ella-wuensche.de\/jupiter_installation\/wp-content\/uploads\/2026\/05\/Buch_Tisch-Square-768x768.jpg 768w, https:\/\/ella-wuensche.de\/jupiter_installation\/wp-content\/uploads\/2026\/05\/Buch_Tisch-Square-75x75.jpg 75w, https:\/\/ella-wuensche.de\/jupiter_installation\/wp-content\/uploads\/2026\/05\/Buch_Tisch-Square.jpg 1000w\" sizes=\"auto, (max-width: 300px) 100vw, 300px\" \/><\/div><a class=\"wp-block-latest-posts__post-title\" href=\"https:\/\/ella-wuensche.de\/jupiter_installation\/die-widmung-des-buchhaendlers\/\">\u00bbDie Widmung des Buchh\u00e4ndlers\u00ab<\/a><time datetime=\"2026-05-05T08:34:50+00:00\" class=\"wp-block-latest-posts__post-date\">Mai 5, 2026<\/time><div class=\"wp-block-latest-posts__post-excerpt\">Ein vergilbtes Foto. Eine junge Frau vor einer Buchhandlung in Heidelberg, neben ihr ein Mann in franz\u00f6sischer Uniform. Und auf der R\u00fcckseite ein Name, den niemand in der Familie je geh\u00f6rt hat.\n\nKarla hat nie erfahren, wer ihr Vater war. Ihre Mutter Johanna hat geschwiegen \u2014 ein ganzes Leben lang. Erst als Karlas Enkelin Lea einen DNA-Test macht, meldet sich ein Mann aus S\u00fcdfrankreich: Lucien. Er behauptet, Karlas Halbbruder zu sein \u2026<\/div><\/li>\n<li><div class=\"wp-block-latest-posts__featured-image alignleft\"><img loading=\"lazy\" decoding=\"async\" width=\"300\" height=\"300\" src=\"https:\/\/ella-wuensche.de\/jupiter_installation\/wp-content\/uploads\/2025\/07\/Banner-square-300x300.jpg\" class=\"attachment-medium size-medium wp-post-image\" alt=\"\" style=\"max-width:300px;max-height:300px;\" srcset=\"https:\/\/ella-wuensche.de\/jupiter_installation\/wp-content\/uploads\/2025\/07\/Banner-square-300x300.jpg 300w, https:\/\/ella-wuensche.de\/jupiter_installation\/wp-content\/uploads\/2025\/07\/Banner-square-150x150.jpg 150w, https:\/\/ella-wuensche.de\/jupiter_installation\/wp-content\/uploads\/2025\/07\/Banner-square-768x768.jpg 768w, https:\/\/ella-wuensche.de\/jupiter_installation\/wp-content\/uploads\/2025\/07\/Banner-square-75x75.jpg 75w, https:\/\/ella-wuensche.de\/jupiter_installation\/wp-content\/uploads\/2025\/07\/Banner-square.jpg 800w\" sizes=\"auto, (max-width: 300px) 100vw, 300px\" \/><\/div><a class=\"wp-block-latest-posts__post-title\" href=\"https:\/\/ella-wuensche.de\/jupiter_installation\/die-bittersuessen-geheimnisse-des-lebens\/\">\u00bbDie bitters\u00fc\u00dfen Geheimnisse des Lebens\u00ab<\/a><time datetime=\"2025-07-17T15:40:36+00:00\" class=\"wp-block-latest-posts__post-date\">Juli 17, 2025<\/time><div class=\"wp-block-latest-posts__post-excerpt\">Die wahren Geheimnisse Italiens stehen in keinem Reisef\u00fchrer \u2026Susanna f\u00fchrt ein Leben wie aus dem Bilderbuch \u2013 zumindest von au\u00dfen, denn f\u00fcnfzehn Jahre lang hat sie sich immer sch\u00f6n angepasst und ihre eigenen Tr\u00e4ume in die hinterste Schublade verbannt. Bis ein verzweifelter Anruf aus Italien alles ver\u00e4ndert: Die kleine Klara aus ihrer Kindergartengruppe braucht Hilfe. Ohne zu z\u00f6gern l\u00e4sst Susanna ihr braves Leben hinter sich und macht sich auf den Weg \u2013 zusammen mit Jonas, Klaras Vater, der genauso verloren scheint wie sie selbst. Von Venedig bis Sizilien f\u00fchrt die Reise Susanna nicht nur durch Italien und seine aufregende K\u00fcche, sondern auch zu sich selbst. Doch als alles perfekt zu werden scheint, droht eine Entscheidung alles zu zerst\u00f6ren \u2013 wird Susanna diesmal stark genug sein, f\u00fcr ihr Gl\u00fcck zu k\u00e4mpfen?<\/div><\/li>\n<\/ul>\n\n\n<div style=\"height:17px\" aria-hidden=\"true\" class=\"wp-block-spacer\"><\/div>\n\n\n\n<div class=\"wp-block-buttons is-layout-flex wp-block-buttons-is-layout-flex\">\n<div class=\"wp-block-button is-style-outline is-style-outline--1\"><a class=\"wp-block-button__link has-text-color has-link-color wp-element-button\" href=\"https:\/\/ella-wuensche.de\/jupiter_installation\/category\/neuerscheinung\/\" style=\"color:#f30a6c\">Mehr Romane entdecken<\/a><\/div>\n<\/div>\n\n\n\n<p><\/p>\n\n\n\n<div style=\"height:72px\" aria-hidden=\"true\" class=\"wp-block-spacer\"><\/div>\n\n\n\n<div class=\"wp-block-media-text is-stacked-on-mobile\" style=\"grid-template-columns:28% auto\"><figure class=\"wp-block-media-text__media\"><img loading=\"lazy\" decoding=\"async\" width=\"533\" height=\"800\" src=\"https:\/\/ella-wuensche.de\/jupiter_installation\/wp-content\/uploads\/2013\/12\/d001341web.jpg\" alt=\"\" class=\"wp-image-468 size-full\" srcset=\"https:\/\/ella-wuensche.de\/jupiter_installation\/wp-content\/uploads\/2013\/12\/d001341web.jpg 533w, https:\/\/ella-wuensche.de\/jupiter_installation\/wp-content\/uploads\/2013\/12\/d001341web-200x300.jpg 200w, https:\/\/ella-wuensche.de\/jupiter_installation\/wp-content\/uploads\/2013\/12\/d001341web-173x260.jpg 173w, https:\/\/ella-wuensche.de\/jupiter_installation\/wp-content\/uploads\/2013\/12\/d001341web-512x768.jpg 512w, https:\/\/ella-wuensche.de\/jupiter_installation\/wp-content\/uploads\/2013\/12\/d001341web-276x414.jpg 276w, https:\/\/ella-wuensche.de\/jupiter_installation\/wp-content\/uploads\/2013\/12\/d001341web-414x621.jpg 414w\" sizes=\"auto, (max-width: 533px) 100vw, 533px\" \/><\/figure><div class=\"wp-block-media-text__content\">\n<div style=\"height:20px\" aria-hidden=\"true\" class=\"wp-block-spacer\"><\/div>\n\n\n\n<h3 class=\"wp-block-heading has-text-color has-link-color wp-elements-3ea435bb65e008c11e607c7b92b49f2c\" style=\"color:#f30a6c\">Willkommen auf meiner Autorinnen-Seite<\/h3>\n\n\n\n<div style=\"height:31px\" aria-hidden=\"true\" class=\"wp-block-spacer\"><\/div>\n\n\n\n<p>Hier erf\u00e4hrst du alles \u00fcber meine Romane, Neuerscheinungen und Hintergr\u00fcnde zu meinen B\u00fcchern.<\/p>\n\n\n\n<div style=\"height:31px\" aria-hidden=\"true\" class=\"wp-block-spacer\"><\/div>\n\n\n\n<div class=\"wp-block-buttons is-layout-flex wp-block-buttons-is-layout-flex\">\n<div class=\"wp-block-button is-style-outline is-style-outline--2\"><a class=\"wp-block-button__link has-text-color has-link-color wp-element-button\" href=\"https:\/\/ella-wuensche.de\/jupiter_installation\/uber-die-autorin\/\" style=\"color:#f30a6c\">\u00dcber mich<\/a><\/div>\n<\/div>\n<\/div><\/div>\n\n\n\n<div style=\"height:42px\" aria-hidden=\"true\" class=\"wp-block-spacer\"><\/div>\n\n\n\n<hr class=\"wp-block-separator has-alpha-channel-opacity\"\/>\n\n\n\n<div style=\"height:42px\" aria-hidden=\"true\" class=\"wp-block-spacer\"><\/div>\n\n\n\n<h2 class=\"wp-block-heading has-text-align-center has-text-color has-link-color wp-elements-a8eb3a46402698daeb64e713f8525bb1\" style=\"color:#f30a6c\"><a href=\"https:\/\/ella-wuensche.de\/jupiter_installation\/category\/rezepte\/\" data-type=\"category\" data-id=\"34\">Rezepte zu meinen Romanen<\/a><\/h2>\n\n\n\n<div style=\"height:18px\" aria-hidden=\"true\" class=\"wp-block-spacer\"><\/div>\n\n\n<ul style=\"font-style:normal;font-weight:300;\" class=\"wp-block-latest-posts__list has-dates wp-block-latest-posts has-medium-font-size\"><li><div class=\"wp-block-latest-posts__featured-image alignleft\"><a href=\"https:\/\/ella-wuensche.de\/jupiter_installation\/rezept-tarte-au-citron\/\" aria-label=\"Rezept: \u00bbTarte au Citron\u00ab\"><img loading=\"lazy\" decoding=\"async\" width=\"150\" height=\"150\" src=\"https:\/\/ella-wuensche.de\/jupiter_installation\/wp-content\/uploads\/2024\/06\/Zitronentarte01_web-150x150.jpg\" class=\"attachment-thumbnail size-thumbnail wp-post-image\" alt=\"\" style=\"max-width:250px;max-height:250px;\" srcset=\"https:\/\/ella-wuensche.de\/jupiter_installation\/wp-content\/uploads\/2024\/06\/Zitronentarte01_web-150x150.jpg 150w, https:\/\/ella-wuensche.de\/jupiter_installation\/wp-content\/uploads\/2024\/06\/Zitronentarte01_web-300x300.jpg 300w, https:\/\/ella-wuensche.de\/jupiter_installation\/wp-content\/uploads\/2024\/06\/Zitronentarte01_web-75x75.jpg 75w\" sizes=\"auto, (max-width: 150px) 100vw, 150px\" \/><\/a><\/div><a class=\"wp-block-latest-posts__post-title\" href=\"https:\/\/ella-wuensche.de\/jupiter_installation\/rezept-tarte-au-citron\/\">Rezept: \u00bbTarte au Citron\u00ab<\/a><time datetime=\"2024-06-04T13:32:01+00:00\" class=\"wp-block-latest-posts__post-date\">Juni 4, 2024<\/time><div class=\"wp-block-latest-posts__post-excerpt\">Ein Rezept zu meinem Roman \u00bbDas Geheimnis der Zitronen\u00ab. Es basiert auf der klassischen franz\u00f6sischen Zubereitung, bei der die Tortencreme aus frischen Zitronen, Eiern, Zucker und Butter hergestellt wird. <\/div><\/li>\n<li><div class=\"wp-block-latest-posts__featured-image alignleft\"><a href=\"https:\/\/ella-wuensche.de\/jupiter_installation\/rezept-butterkuchen\/\" aria-label=\"Rezept: \u00bbButterkuchen\u00ab\"><img loading=\"lazy\" decoding=\"async\" width=\"150\" height=\"150\" src=\"https:\/\/ella-wuensche.de\/jupiter_installation\/wp-content\/uploads\/2024\/03\/Butterkuchen01a-150x150.jpg\" class=\"attachment-thumbnail size-thumbnail wp-post-image\" alt=\"\" style=\"max-width:250px;max-height:250px;\" srcset=\"https:\/\/ella-wuensche.de\/jupiter_installation\/wp-content\/uploads\/2024\/03\/Butterkuchen01a-150x150.jpg 150w, https:\/\/ella-wuensche.de\/jupiter_installation\/wp-content\/uploads\/2024\/03\/Butterkuchen01a-300x300.jpg 300w, https:\/\/ella-wuensche.de\/jupiter_installation\/wp-content\/uploads\/2024\/03\/Butterkuchen01a-75x75.jpg 75w\" sizes=\"auto, (max-width: 150px) 100vw, 150px\" \/><\/a><\/div><a class=\"wp-block-latest-posts__post-title\" href=\"https:\/\/ella-wuensche.de\/jupiter_installation\/rezept-butterkuchen\/\">Rezept: \u00bbButterkuchen\u00ab<\/a><time datetime=\"2024-03-22T12:00:00+00:00\" class=\"wp-block-latest-posts__post-date\">M\u00e4rz 22, 2024<\/time><div class=\"wp-block-latest-posts__post-excerpt\">Passend zu meinem neuen Roman \u00bbDas verlorene Schloss am Meer\u00ab habe ich heute ein  norddeutsches Butterkuchen-Rezept f\u00fcr euch. Denn was w\u00e4re ein spannender Roman ohne eine Tasse Tee und ein gutes St\u00fcck Kuchen.<\/div><\/li>\n<li><div class=\"wp-block-latest-posts__featured-image alignleft\"><a href=\"https:\/\/ella-wuensche.de\/jupiter_installation\/rezept-krempita\/\" aria-label=\"Rezept: \u00bbKrempita\u00ab\"><img loading=\"lazy\" decoding=\"async\" width=\"150\" height=\"150\" src=\"https:\/\/ella-wuensche.de\/jupiter_installation\/wp-content\/uploads\/2024\/03\/krempita-150x150.jpg\" class=\"attachment-thumbnail size-thumbnail wp-post-image\" alt=\"\" style=\"max-width:250px;max-height:250px;\" srcset=\"https:\/\/ella-wuensche.de\/jupiter_installation\/wp-content\/uploads\/2024\/03\/krempita-150x150.jpg 150w, https:\/\/ella-wuensche.de\/jupiter_installation\/wp-content\/uploads\/2024\/03\/krempita-300x300.jpg 300w, https:\/\/ella-wuensche.de\/jupiter_installation\/wp-content\/uploads\/2024\/03\/krempita-75x75.jpg 75w\" sizes=\"auto, (max-width: 150px) 100vw, 150px\" \/><\/a><\/div><a class=\"wp-block-latest-posts__post-title\" href=\"https:\/\/ella-wuensche.de\/jupiter_installation\/rezept-krempita\/\">Rezept: \u00bbKrempita\u00ab<\/a><time datetime=\"2023-04-10T13:07:00+00:00\" class=\"wp-block-latest-posts__post-date\">April 10, 2023<\/time><div class=\"wp-block-latest-posts__post-excerpt\">Es gibt diese Kuchen, die man automatisch mit seiner Kindheit verbindet. Ein solcher Kuchen ist f\u00fcr mich die Krempita. Sie ist im Gebiet des ehemaligen Jugoslawiens sehr beliebt, ein Klassiker in jeder Konditorei und wird oft f\u00fcr Feste zubereitet.<\/div><\/li>\n<\/ul>\n\n\n<div style=\"height:23px\" aria-hidden=\"true\" class=\"wp-block-spacer\"><\/div>\n\n\n\n<div class=\"wp-block-buttons is-layout-flex wp-block-buttons-is-layout-flex\">\n<div class=\"wp-block-button is-style-outline is-style-outline--3\"><a class=\"wp-block-button__link has-text-color has-link-color wp-element-button\" href=\"https:\/\/ella-wuensche.de\/jupiter_installation\/category\/rezepte\/\" style=\"color:#f30a6c\">Weitere Rezepte entdecken<\/a><\/div>\n<\/div>\n\n\n\n<div style=\"height:42px\" aria-hidden=\"true\" class=\"wp-block-spacer\"><\/div>\n\n\n\n<hr class=\"wp-block-separator has-alpha-channel-opacity\"\/>\n\n\n\n<div style=\"height:42px\" aria-hidden=\"true\" class=\"wp-block-spacer\"><\/div>\n\n\n\n<div class=\"wp-block-media-text is-stacked-on-mobile\" style=\"grid-template-columns:40% auto\"><figure class=\"wp-block-media-text__media\"><img loading=\"lazy\" decoding=\"async\" width=\"300\" height=\"173\" src=\"https:\/\/ella-wuensche.de\/jupiter_installation\/wp-content\/uploads\/2017\/01\/italienischesrestaurant-300x173.jpg\" alt=\"\" class=\"wp-image-427 size-medium\" srcset=\"https:\/\/ella-wuensche.de\/jupiter_installation\/wp-content\/uploads\/2017\/01\/italienischesrestaurant-300x173.jpg 300w, https:\/\/ella-wuensche.de\/jupiter_installation\/wp-content\/uploads\/2017\/01\/italienischesrestaurant-768x442.jpg 768w, https:\/\/ella-wuensche.de\/jupiter_installation\/wp-content\/uploads\/2017\/01\/italienischesrestaurant-1024x590.jpg 1024w, https:\/\/ella-wuensche.de\/jupiter_installation\/wp-content\/uploads\/2017\/01\/italienischesrestaurant.jpg 1400w\" sizes=\"auto, (max-width: 300px) 100vw, 300px\" \/><\/figure><div class=\"wp-block-media-text__content\">\n<div style=\"height:18px\" aria-hidden=\"true\" class=\"wp-block-spacer\"><\/div>\n\n\n\n<p>M\u00f6chtest du mehr zu den Hintergr\u00fcnden zu meinen Romanen erfahren? Hier habe ich einige Interviews und Hintergrundberichte f\u00fcr dich zusammengestellt:<\/p>\n\n\n\n<div class=\"wp-block-buttons is-layout-flex wp-block-buttons-is-layout-flex\">\n<div class=\"wp-block-button is-style-outline is-style-outline--4\"><a class=\"wp-block-button__link has-text-color has-link-color wp-element-button\" href=\"https:\/\/ella-wuensche.de\/jupiter_installation\/interviews\/\" style=\"color:#f30a6c\">Hintergr\u00fcnde<\/a><\/div>\n<\/div>\n<\/div><\/div>\n\n\n\n<div style=\"height:42px\" aria-hidden=\"true\" class=\"wp-block-spacer\"><\/div>\n\n\n\n<hr class=\"wp-block-separator has-alpha-channel-opacity\"\/>\n\n\n\n<div class=\"wp-block-media-text has-media-on-the-right is-stacked-on-mobile is-vertically-aligned-center has-background\" style=\"background-color:#f8f8f8\"><div class=\"wp-block-media-text__content\">\n<div style=\"height:13px\" aria-hidden=\"true\" class=\"wp-block-spacer\"><\/div>\n\n\n\n<h3 class=\"wp-block-heading has-text-color has-link-color wp-elements-8f702b259b107a3ee53a5258846096f4\" style=\"color:#f30a6c\">Abonniere meinen Newsletter \u2026<\/h3>\n\n\n\n<p>\u2026 und erhalte als Dankesch\u00f6n Rezeptb\u00fccher zu meinen Romanen als eBooks. Mein Newsletter erscheint drei- bis viermal im Jahr und informiert \u00fcber meine Neuerscheinungen.<\/p>\n\n\n\n<div style=\"height:23px\" aria-hidden=\"true\" class=\"wp-block-spacer\"><\/div>\n\n\n\n<div class=\"wp-block-buttons is-layout-flex wp-block-buttons-is-layout-flex\">\n<div class=\"wp-block-button is-style-outline is-style-outline--5\"><a class=\"wp-block-button__link has-white-color has-text-color has-background has-link-color wp-element-button\" href=\"https:\/\/mailchi.mp\/70b8128d57ff\/kochbuch-newsletter-anmeldung\" style=\"background-color:#f30a6c\">Zur Newsletter-Anmeldung<\/a><\/div>\n<\/div>\n\n\n\n<div style=\"height:13px\" aria-hidden=\"true\" class=\"wp-block-spacer\"><\/div>\n<\/div><figure class=\"wp-block-media-text__media\"><img loading=\"lazy\" decoding=\"async\" width=\"1024\" height=\"604\" src=\"https:\/\/ella-wuensche.de\/jupiter_installation\/wp-content\/uploads\/2024\/03\/87082c8f-331e-43d0-3fa1-dfa2bd22ce7d-1024x604.jpg\" alt=\"\" class=\"wp-image-843 size-full\" srcset=\"https:\/\/ella-wuensche.de\/jupiter_installation\/wp-content\/uploads\/2024\/03\/87082c8f-331e-43d0-3fa1-dfa2bd22ce7d-1024x604.jpg 1024w, https:\/\/ella-wuensche.de\/jupiter_installation\/wp-content\/uploads\/2024\/03\/87082c8f-331e-43d0-3fa1-dfa2bd22ce7d-300x177.jpg 300w, https:\/\/ella-wuensche.de\/jupiter_installation\/wp-content\/uploads\/2024\/03\/87082c8f-331e-43d0-3fa1-dfa2bd22ce7d-768x453.jpg 768w, https:\/\/ella-wuensche.de\/jupiter_installation\/wp-content\/uploads\/2024\/03\/87082c8f-331e-43d0-3fa1-dfa2bd22ce7d-1140x673.jpg 1140w, https:\/\/ella-wuensche.de\/jupiter_installation\/wp-content\/uploads\/2024\/03\/87082c8f-331e-43d0-3fa1-dfa2bd22ce7d.jpg 1400w\" sizes=\"auto, (max-width: 1024px) 100vw, 1024px\" \/><\/figure><\/div>\n","protected":false},"excerpt":{"rendered":"<p>Aktuelle Neuerscheinung Rezepte zu meinen Romanen<\/p>\n","protected":false},"author":1,"featured_media":0,"parent":0,"menu_order":0,"comment_status":"closed","ping_status":"closed","template":"","meta":{"footnotes":""},"class_list":["post-793","page","type-page","status-publish","hentry"],"acf":[],"_links":{"self":[{"href":"https:\/\/ella-wuensche.de\/jupiter_installation\/wp-json\/wp\/v2\/pages\/793","targetHints":{"allow":["GET"]}}],"collection":[{"href":"https:\/\/ella-wuensche.de\/jupiter_installation\/wp-json\/wp\/v2\/pages"}],"about":[{"href":"https:\/\/ella-wuensche.de\/jupiter_installation\/wp-json\/wp\/v2\/types\/page"}],"author":[{"embeddable":true,"href":"https:\/\/ella-wuensche.de\/jupiter_installation\/wp-json\/wp\/v2\/users\/1"}],"replies":[{"embeddable":true,"href":"https:\/\/ella-wuensche.de\/jupiter_installation\/wp-json\/wp\/v2\/comments?post=793"}],"version-history":[{"count":34,"href":"https:\/\/ella-wuensche.de\/jupiter_installation\/wp-json\/wp\/v2\/pages\/793\/revisions"}],"predecessor-version":[{"id":1085,"href":"https:\/\/ella-wuensche.de\/jupiter_installation\/wp-json\/wp\/v2\/pages\/793\/revisions\/1085"}],"wp:attachment":[{"href":"https:\/\/ella-wuensche.de\/jupiter_installation\/wp-json\/wp\/v2\/media?parent=793"}],"curies":[{"name":"wp","href":"https:\/\/api.w.org\/{rel}","templated":true}]}}