{"id":590,"date":"2017-07-25T09:53:10","date_gmt":"2017-07-25T09:53:10","guid":{"rendered":"http:\/\/ella-wuensche.de\/?page_id=590"},"modified":"2021-06-29T14:05:35","modified_gmt":"2021-06-29T14:05:35","slug":"tausend-farben","status":"publish","type":"page","link":"https:\/\/ella-wuensche.de\/jupiter_installation\/bucher\/tausend-farben\/","title":{"rendered":"Tausend Farben des Gl\u00fccks"},"content":{"rendered":"\n<p><b>Heilt Liebe alle Wunden?<\/b><\/p>\n\n\n\n<p class=\"has-drop-cap\">So hat sich Stella ihr Leben nicht vorgestellt: Mit Mitte drei\u00dfig hat sie statt der ertr\u00e4umten gro\u00dfen Familie nur eine h\u00e4ssliche Scheidung und ein gebrochenes Herz vorzuweisen. Auf Dr\u00e4ngen ihrer besten Freundin besucht sie eine Selbsthilfegruppe, deren schr\u00e4ge Mitglieder ihr bald wichtiger werden, als sie gedacht h\u00e4tte. Und dann ist da Simon, Witwer und Vater zweier Kinder, der Gef\u00fchle in ihr weckt, die sie nicht mehr f\u00fcr m\u00f6glich gehalten h\u00e4tte &#8230;<\/p>\n\n\n\n<p><em>Ein Roman \u00fcber zweite Chancen, K\u00fcsse unterm Sternenhimmel und das gro\u00dfe Gl\u00fcck, das manchmal auf Umwegen kommt.<\/em><\/p>\n\n\n\n<p><iframe loading=\"lazy\" src=\"https:\/\/www.youtube-nocookie.com\/embed\/oH21jT6k_HU?rel=0\" width=\"560\" height=\"315\" frameborder=\"0\" allowfullscreen=\"allowfullscreen\"><\/p>\n","protected":false},"excerpt":{"rendered":"<p>Heilt Liebe alle Wunden? So hat sich Stella ihr Leben nicht vorgestellt: Mit Mitte drei\u00dfig hat sie statt der ertr\u00e4umten gro\u00dfen Familie nur eine h\u00e4ssliche Scheidung und ein gebrochenes Herz vorzuweisen. Auf Dr\u00e4ngen ihrer besten Freundin besucht sie eine Selbsthilfegruppe, deren schr\u00e4ge Mitglieder ihr bald wichtiger werden, als sie gedacht h\u00e4tte. Und dann ist da Simon, Witwer und Vater zweier Kinder, der Gef\u00fchle in ihr weckt, die sie nicht mehr f\u00fcr m\u00f6glich gehalten h\u00e4tte &#8230; Ein Roman \u00fcber zweite Chancen, K\u00fcsse unterm Sternenhimmel und das gro\u00dfe Gl\u00fcck, das manchmal auf Umwegen kommt.<\/p>\n","protected":false},"author":1,"featured_media":0,"parent":174,"menu_order":0,"comment_status":"closed","ping_status":"closed","template":"","meta":{"footnotes":""},"class_list":["post-590","page","type-page","status-publish","hentry"],"acf":[],"_links":{"self":[{"href":"https:\/\/ella-wuensche.de\/jupiter_installation\/wp-json\/wp\/v2\/pages\/590","targetHints":{"allow":["GET"]}}],"collection":[{"href":"https:\/\/ella-wuensche.de\/jupiter_installation\/wp-json\/wp\/v2\/pages"}],"about":[{"href":"https:\/\/ella-wuensche.de\/jupiter_installation\/wp-json\/wp\/v2\/types\/page"}],"author":[{"embeddable":true,"href":"https:\/\/ella-wuensche.de\/jupiter_installation\/wp-json\/wp\/v2\/users\/1"}],"replies":[{"embeddable":true,"href":"https:\/\/ella-wuensche.de\/jupiter_installation\/wp-json\/wp\/v2\/comments?post=590"}],"version-history":[{"count":5,"href":"https:\/\/ella-wuensche.de\/jupiter_installation\/wp-json\/wp\/v2\/pages\/590\/revisions"}],"predecessor-version":[{"id":671,"href":"https:\/\/ella-wuensche.de\/jupiter_installation\/wp-json\/wp\/v2\/pages\/590\/revisions\/671"}],"up":[{"embeddable":true,"href":"https:\/\/ella-wuensche.de\/jupiter_installation\/wp-json\/wp\/v2\/pages\/174"}],"wp:attachment":[{"href":"https:\/\/ella-wuensche.de\/jupiter_installation\/wp-json\/wp\/v2\/media?parent=590"}],"curies":[{"name":"wp","href":"https:\/\/api.w.org\/{rel}","templated":true}]}}