{"id":478,"date":"2017-01-13T15:14:58","date_gmt":"2017-01-13T15:14:58","guid":{"rendered":"http:\/\/ella-wuensche.de\/?page_id=478"},"modified":"2024-04-01T17:38:40","modified_gmt":"2024-04-01T17:38:40","slug":"italienisches-essen-buecherliebe","status":"publish","type":"page","link":"https:\/\/ella-wuensche.de\/jupiter_installation\/interviews\/italienisches-essen-buecherliebe\/","title":{"rendered":"Italienisches Essen &#038; B\u00fccherliebe"},"content":{"rendered":"\n<div style=\"height:31px\" aria-hidden=\"true\" class=\"wp-block-spacer\"><\/div>\n\n\n\n<h5 class=\"wp-block-heading\">In deinem neuen Roman \u00bb<a href=\"https:\/\/ella-wuensche.de\/jupiter_installation\/der-geschmack-von-mandeleis\/\" data-type=\"post\" data-id=\"323\">Der Geschmack von Mandeleis<\/a>\u00ab entdeckt die Hauptfigur Maya die Liebe f\u00fcrs Lesen. Wer hat dich mit dem Lesen in Ber\u00fchrung gebracht?<\/h5>\n\n\n\n<div style=\"height:31px\" aria-hidden=\"true\" class=\"wp-block-spacer\"><\/div>\n\n\n\n<p>Es war meine Grundschullehrerin. Sie war der Meinung, wir sollten viel lesen, egal, um welche Art von Literatur es sich handelte. Einer meiner Favoriten war damals Tom Sawyer. Sp\u00e4ter kamen dann weitere Klassiker dazu, zum Beispiel von Charlotte Bront\u00eb und Dostojewski.<\/p>\n\n\n\n<div style=\"height:13px\" aria-hidden=\"true\" class=\"wp-block-spacer\"><\/div>\n\n\n\n<p>Auch Comics habe ich in der Grundschule gern gelesen. Mein \u00e4lterer Cousin packte f\u00fcr meinen Bruder und mich in den Winterferien regelm\u00e4\u00dfig einen Schlitten voll mit unterschiedlichen Comics, den wir \u00fcberall, wo wir hingingen, hinter uns herzogen, damit uns die Lekt\u00fcre nie ausging.<\/p>\n\n\n\n<div style=\"height:31px\" aria-hidden=\"true\" class=\"wp-block-spacer\"><\/div>\n\n\n\n<h5 class=\"wp-block-heading\">Was bedeutet Lesen f\u00fcr dich?<\/h5>\n\n\n\n<div style=\"height:31px\" aria-hidden=\"true\" class=\"wp-block-spacer\"><\/div>\n\n\n\n<p>Es erweitert den Horizont und erlaubt einem in unbekannte Welten einzutauchen. Au\u00dferdem schafft es ein gutes Buch, Gef\u00fchle zu wecken und die Leser zum Nachdenken anzuregen.&nbsp; Gleichzeitig ist es einfach gute Unterhaltung.<\/p>\n\n\n\n<div style=\"height:31px\" aria-hidden=\"true\" class=\"wp-block-spacer\"><\/div>\n\n\n\n<h5 class=\"wp-block-heading\">Nachdem Maya einen alten Brief der gro\u00dfen Liebe des Buchh\u00e4ndlers Friedrich findet, reist sie mit ihm nach Italien. Was fasziniert dich an dem Land?<\/h5>\n\n\n\n<div style=\"height:31px\" aria-hidden=\"true\" class=\"wp-block-spacer\"><\/div>\n\n\n\n<p>Es ist ein wundersch\u00f6nes und facettenreiches Land mit netten Leuten und fantastischem Essen. Wenn man \u00fcber die Grenze nach Italien f\u00e4hrt, hat man schnell den Eindruck, dass die Sonne auf einmal heller strahlt.<\/p>\n\n\n\n<div style=\"height:31px\" aria-hidden=\"true\" class=\"wp-block-spacer\"><\/div>\n\n\n\n<h5 class=\"wp-block-heading\">Was sind deine italienischen Lieblingsgerichte?<\/h5>\n\n\n\n<div style=\"height:31px\" aria-hidden=\"true\" class=\"wp-block-spacer\"><\/div>\n\n\n\n<p>Oh, da gibt es viele. Die Italiener verstehen es, aus einfachen Zutaten k\u00f6stliche Gerichte zuzubereiten. Auch mit saisonalen Zutaten wei\u00df die italienische K\u00fcche erstaunlich viel anzufangen \u2013 da wird schon mal in der K\u00fcrbiszeit eine Vorspeise, ein Hauptgericht und ein Dessert aus K\u00fcrbis gezaubert!<\/p>\n\n\n\n<p>Egal, ob Pasta, Pizza, Fisch oder Dolci, ich liebe das alles \u2013 nur der Kaffee ist mir zu stark.<\/p>\n\n\n\n<div style=\"height:63px\" aria-hidden=\"true\" class=\"wp-block-spacer\"><\/div>\n\n\n\n<blockquote class=\"wp-block-quote is-layout-flow wp-block-quote-is-layout-flow\">\n<p><em>\u00bbDie T\u00fcr quietschte beim Aufdr\u00fccken und gleichzeitig ert\u00f6nte eine Klingel. Die massiven Holzregale waren vollgestopft mit B\u00fcchern. Auch auf den kleinen Tischen im Raum stapelten sich \u00fcberall B\u00fccher. Das ganze Interieur verstr\u00f6mte eine gewisse Ehrfurcht. Maya sog die Luft ein. Es roch ungewohnt, fast ein bisschen modrig, aber nicht unangenehm. Der Duft von altem Papier. An den wenigen freien Fl\u00e4chen hingen Plakate oder eingerahmte Buchcover.<\/em>\n<em>Der Laden wirkte heimelig und urig und ein Teil von Maya f\u00fchlte sich gleich wohl. Sie kam an einem Tisch vorbei, auf dem sich in mehreren Holzkisten zahlreiche B\u00fccher stapelten, die allesamt alte braune Umschl\u00e4ge hatten. Der Laden war wohl auch eine Art Antiquariat, neben Neuware wurden gebrauchte B\u00fccher und echte Antiquit\u00e4ten verkauft. Maya konnte nicht anders, einem spontanen Impuls folgend lie\u00df sie ihre Handfl\u00e4che \u00fcber die alten B\u00fccher gleiten, als sie weiterging.\u00ab<\/em><\/p>\n<cite>aus \u00bb<a href=\"https:\/\/ella-wuensche.de\/jupiter_installation\/der-geschmack-von-mandeleis\/\" data-type=\"post\" data-id=\"323\">Der Geschmack von Mandeleis<\/a>\u00ab<\/cite><\/blockquote>\n\n\n\n<p><\/p>\n\n\n<div class=\"wp-block-image\">\n<figure class=\"aligncenter size-large is-resized\"><a href=\"https:\/\/ella-wuensche.de\/jupiter_installation\/der-geschmack-von-mandeleis\/\"><img loading=\"lazy\" decoding=\"async\" width=\"663\" height=\"1024\" src=\"https:\/\/ella-wuensche.de\/jupiter_installation\/wp-content\/uploads\/2017\/02\/cover_mandeleis-663x1024.jpg\" alt=\"\" class=\"wp-image-583\" style=\"width:333px;height:auto\" srcset=\"https:\/\/ella-wuensche.de\/jupiter_installation\/wp-content\/uploads\/2017\/02\/cover_mandeleis-663x1024.jpg 663w, https:\/\/ella-wuensche.de\/jupiter_installation\/wp-content\/uploads\/2017\/02\/cover_mandeleis-194x300.jpg 194w, https:\/\/ella-wuensche.de\/jupiter_installation\/wp-content\/uploads\/2017\/02\/cover_mandeleis-768x1186.jpg 768w, https:\/\/ella-wuensche.de\/jupiter_installation\/wp-content\/uploads\/2017\/02\/cover_mandeleis.jpg 1900w\" sizes=\"auto, (max-width: 663px) 100vw, 663px\" \/><\/a><\/figure>\n<\/div>","protected":false},"excerpt":{"rendered":"<p>In deinem neuen Roman \u00bbDer Geschmack von Mandeleis\u00ab entdeckt die Hauptfigur Maya die Liebe f\u00fcrs Lesen. Wer hat dich mit dem Lesen in Ber\u00fchrung gebracht? Es war meine Grundschullehrerin. Sie war der Meinung, wir sollten viel lesen, egal, um welche Art von Literatur es sich handelte. Einer meiner Favoriten war damals Tom Sawyer. Sp\u00e4ter kamen dann weitere Klassiker dazu, zum Beispiel von Charlotte Bront\u00eb und Dostojewski. Auch Comics habe ich in der Grundschule gern gelesen. Mein \u00e4lterer Cousin packte f\u00fcr meinen Bruder und mich in den Winterferien regelm\u00e4\u00dfig einen Schlitten voll mit unterschiedlichen Comics, den wir \u00fcberall, wo wir hingingen, hinter uns herzogen, damit uns die Lekt\u00fcre nie ausging. Was bedeutet Lesen f\u00fcr dich? Es erweitert den Horizont und erlaubt einem in unbekannte Welten einzutauchen. Au\u00dferdem schafft es ein gutes Buch, Gef\u00fchle zu wecken und die Leser zum Nachdenken anzuregen.&nbsp; Gleichzeitig ist es einfach gute Unterhaltung. Nachdem Maya einen alten Brief der gro\u00dfen Liebe des Buchh\u00e4ndlers Friedrich findet, reist sie mit ihm nach Italien. Was fasziniert dich an dem Land? Es ist ein wundersch\u00f6nes und facettenreiches Land mit netten Leuten und fantastischem Essen. Wenn man \u00fcber die Grenze nach Italien f\u00e4hrt, hat man schnell den Eindruck, dass die Sonne auf einmal heller strahlt. Was sind deine italienischen Lieblingsgerichte? Oh, da gibt es viele. Die Italiener verstehen es, aus einfachen Zutaten k\u00f6stliche Gerichte zuzubereiten. Auch mit saisonalen Zutaten wei\u00df die italienische K\u00fcche erstaunlich viel anzufangen \u2013 da wird schon mal in der K\u00fcrbiszeit eine Vorspeise, ein Hauptgericht und ein Dessert aus K\u00fcrbis gezaubert! Egal, ob Pasta, Pizza, Fisch oder Dolci, ich liebe das alles \u2013 nur der Kaffee ist mir zu stark. \u00bbDie T\u00fcr quietschte beim Aufdr\u00fccken und gleichzeitig ert\u00f6nte eine Klingel. Die massiven Holzregale waren vollgestopft mit B\u00fcchern. Auch auf den kleinen Tischen im Raum stapelten sich \u00fcberall B\u00fccher. Das ganze Interieur verstr\u00f6mte eine gewisse Ehrfurcht. Maya sog die Luft ein. Es roch ungewohnt, fast ein bisschen modrig, aber nicht unangenehm. Der Duft von altem Papier. An den wenigen freien Fl\u00e4chen hingen Plakate oder eingerahmte Buchcover. Der Laden wirkte heimelig und urig und ein Teil von Maya f\u00fchlte sich gleich wohl. Sie kam an einem Tisch vorbei, auf dem sich in mehreren Holzkisten zahlreiche B\u00fccher stapelten, die allesamt alte braune Umschl\u00e4ge hatten. Der Laden war wohl auch eine Art Antiquariat, neben Neuware wurden gebrauchte B\u00fccher und echte Antiquit\u00e4ten verkauft. Maya konnte nicht anders, einem spontanen Impuls folgend lie\u00df sie ihre Handfl\u00e4che \u00fcber die alten B\u00fccher gleiten, als sie weiterging.\u00ab aus \u00bbDer Geschmack von Mandeleis\u00ab<\/p>\n","protected":false},"author":1,"featured_media":427,"parent":333,"menu_order":0,"comment_status":"closed","ping_status":"closed","template":"","meta":{"footnotes":""},"class_list":["post-478","page","type-page","status-publish","has-post-thumbnail","hentry"],"acf":[],"_links":{"self":[{"href":"https:\/\/ella-wuensche.de\/jupiter_installation\/wp-json\/wp\/v2\/pages\/478","targetHints":{"allow":["GET"]}}],"collection":[{"href":"https:\/\/ella-wuensche.de\/jupiter_installation\/wp-json\/wp\/v2\/pages"}],"about":[{"href":"https:\/\/ella-wuensche.de\/jupiter_installation\/wp-json\/wp\/v2\/types\/page"}],"author":[{"embeddable":true,"href":"https:\/\/ella-wuensche.de\/jupiter_installation\/wp-json\/wp\/v2\/users\/1"}],"replies":[{"embeddable":true,"href":"https:\/\/ella-wuensche.de\/jupiter_installation\/wp-json\/wp\/v2\/comments?post=478"}],"version-history":[{"count":57,"href":"https:\/\/ella-wuensche.de\/jupiter_installation\/wp-json\/wp\/v2\/pages\/478\/revisions"}],"predecessor-version":[{"id":973,"href":"https:\/\/ella-wuensche.de\/jupiter_installation\/wp-json\/wp\/v2\/pages\/478\/revisions\/973"}],"up":[{"embeddable":true,"href":"https:\/\/ella-wuensche.de\/jupiter_installation\/wp-json\/wp\/v2\/pages\/333"}],"wp:featuredmedia":[{"embeddable":true,"href":"https:\/\/ella-wuensche.de\/jupiter_installation\/wp-json\/wp\/v2\/media\/427"}],"wp:attachment":[{"href":"https:\/\/ella-wuensche.de\/jupiter_installation\/wp-json\/wp\/v2\/media?parent=478"}],"curies":[{"name":"wp","href":"https:\/\/api.w.org\/{rel}","templated":true}]}}