{"id":335,"date":"2017-01-06T10:21:43","date_gmt":"2017-01-06T10:21:43","guid":{"rendered":"http:\/\/ella-wuensche.de\/jupiter_installation\/?page_id=335"},"modified":"2024-04-01T18:18:52","modified_gmt":"2024-04-01T18:18:52","slug":"liebe-andere-suessigkeiten","status":"publish","type":"page","link":"https:\/\/ella-wuensche.de\/jupiter_installation\/interviews\/liebe-andere-suessigkeiten\/","title":{"rendered":"Liebe &#038; andere S\u00fc\u00dfigkeiten"},"content":{"rendered":"<div class=\"wp-block-image\">\n<figure class=\"alignleft size-large\"><a href=\"https:\/\/ella-wuensche.de\/jupiter_installation\/pralinenliebe\/\"><img loading=\"lazy\" decoding=\"async\" width=\"350\" height=\"540\" src=\"https:\/\/ella-wuensche.de\/jupiter_installation\/wp-content\/uploads\/2017\/01\/coverpralinenliebe_ebook_neu_klein.jpg\" alt=\"\" class=\"wp-image-476\" srcset=\"https:\/\/ella-wuensche.de\/jupiter_installation\/wp-content\/uploads\/2017\/01\/coverpralinenliebe_ebook_neu_klein.jpg 350w, https:\/\/ella-wuensche.de\/jupiter_installation\/wp-content\/uploads\/2017\/01\/coverpralinenliebe_ebook_neu_klein-194x300.jpg 194w\" sizes=\"auto, (max-width: 350px) 100vw, 350px\" \/><\/a><\/figure><\/div>\n\n\n<p>ELLA W\u00dcNSCHE \u00dcBER DAS GL\u00dcCK DES ALLTAGS<br>UND DAS SUCHEN DER WAHREN LIEBE<\/p>\n\n\n\n<p><em>Dieser Text erschien zuerst im Magazin der \u00bbLieblingsautoren\u00ab zur Leipziger Buchmesse 2015.<\/em><\/p>\n\n\n\n<p><strong>Liebeschaos&nbsp;und Pralinen: Ella W\u00fcnsche schreibt humorvolle Liebesromane \u2013 und das ausgesprochen erfolgreich. Ihr Deb\u00fct-Roman <i>Das Leben ist (k)ein Brautstrau\u00df<\/i> war ein \u00dcberraschungserfolg im Weihnachtsgesch\u00e4ft 2013 und kletterte innerhalb weniger Tage aus dem Nichts auf Platz 2 der Amazon kindle-Charts. Mittlerweile sind drei weitere Romane erschienen, die allesamt eBook-Bestseller waren. Beim Hausbesuch verr\u00e4t die Autorin, die mit ihrer Familie in der N\u00e4he von Heidelberg wohnt, was sie bewegt und wie sie gro\u00dfe Liebesgeschichten im Alltag findet.<\/strong><\/p>\n\n\n\n<div style=\"height:63px\" aria-hidden=\"true\" class=\"wp-block-spacer\"><\/div>\n\n\n\n<p>Ella W\u00fcnsche liebt Geschichten. Schon in der Schule beeindruckte sie die Lehrer mit Kurzgeschichten. Sp\u00e4ter fing sie an, neben ihrer normalen B\u00fcrot\u00e4tigkeit Drehb\u00fccher zu schreiben. Doch wie kam sie mit Ende Drei\u00dfig pl\u00f6tzlich auf die Idee, einen Roman zu verfassen? \u00bbIch wollte die Geschichte meiner besten Freundin erz\u00e4hlen\u00ab, sagt die Autorin. \u00bbSie arbeitete als Kellnerin in einer Halle f\u00fcr ausl\u00e4ndische Hochzeiten und hat mir immer die verr\u00fccktesten Geschichten erz\u00e4hlt.\u00ab<\/p>\n\n\n\n<p>Nat\u00fcrlich geht es in <i>Das Leben ist (k)ein Brautstrau\u00df<\/i> vor allem um Liebe. \u00bbDas stimmt\u00ab, sagt Ella W\u00fcnsche. \u00bbJede Frau sucht nach der wahren Liebe. Und ich fand den Kontrast gut: Miriam, die Hauptfigur in dem Roman, tr\u00e4umt von der perfekten Hochzeit. Doch stattdessen haut ihr Freund mit den Ersparnissen ab und sie muss gl\u00fccklichen Br\u00e4uten das Essen servieren.\u00ab<\/p>\n\n\n\n<div style=\"height:63px\" aria-hidden=\"true\" class=\"wp-block-spacer\"><\/div>\n\n\n<div class=\"wp-block-image\">\n<figure class=\"aligncenter size-full is-resized\"><img loading=\"lazy\" decoding=\"async\" width=\"400\" height=\"301\" src=\"https:\/\/ella-wuensche.de\/jupiter_installation\/wp-content\/uploads\/2017\/01\/button_interview01.jpg\" alt=\"\" class=\"wp-image-367\" style=\"aspect-ratio:1.7777777777777777;object-fit:contain;width:491px;height:auto\" srcset=\"https:\/\/ella-wuensche.de\/jupiter_installation\/wp-content\/uploads\/2017\/01\/button_interview01.jpg 400w, https:\/\/ella-wuensche.de\/jupiter_installation\/wp-content\/uploads\/2017\/01\/button_interview01-300x226.jpg 300w\" sizes=\"auto, (max-width: 400px) 100vw, 400px\" \/><\/figure><\/div>\n\n\n<div style=\"height:63px\" aria-hidden=\"true\" class=\"wp-block-spacer\"><\/div>\n\n\n\n<h4 class=\"wp-block-heading\">DIE LIEBE VOR DER HAUST\u00dcR<\/h4>\n\n\n\n<div style=\"height:22px\" aria-hidden=\"true\" class=\"wp-block-spacer\"><\/div>\n\n\n\n<p>Ein wiederkehrendes Motiv in W\u00fcnsches Romanen sind Frauen, die noch nicht gefunden haben, was sie im Leben suchen. Die unzufrieden sind im Beruf und von einer anderen Karriere und einer tiefergehenden Erf\u00fcllung tr\u00e4umen. Etwa Natalie in <i>Eine (un)m\u00f6gliche Liebe<\/i>, die von einem abenteuerlichen Leben als Reiseschriftstellerin tr\u00e4umt, aber als Texterin in einer Heizk\u00f6rper-Firma versauert. Wie kommt es dazu, dass die Autorin immer wieder solche Themen aufgreift? \u00bbAus eigener Erfahrung\u00ab, sagt Ella W\u00fcnsche und lacht. \u00bbWahrscheinlich steckt darin ein bisschen was von mir selbst. Au\u00dferdem begegnet mir dieses Thema regelm\u00e4\u00dfig in Gespr\u00e4chen. Viele Freundinnen und Bekannte fragen sich das: <i>Gibt es noch mehr im Leben?<\/i>\u00ab<\/p>\n\n\n\n<p>Die meisten ihrer Ideen haben einen wahren Kern. Beim Schreiben f\u00fcgt sie Figuren und Begebenheiten aus dem echten Leben neu zusammen und verdichtet sie, erkl\u00e4rt die Autorin. Im Januar 2014 unternahm sie beispielsweise eine Individualreise durch Kuba. Kaum war sie in dem Karibik-Staat angekommen, wurde ihr klar, dass sie ihre exotischen Erlebnisse f\u00fcr Natalies gro\u00dfe Reise, im letzten Drittel des Buches, nutzen w\u00fcrde. \u00bbMich interessieren echte Geschichten, Menschen wie du und ich, die der Liebe begegnen. Ist es nicht wunderbar romantisch, wenn gerade vor der eigenen Haust\u00fcr etwas Au\u00dfergew\u00f6hnliches passiert? Das ist doch der gro\u00dfe Traum: Den Prinzen vor der eigenen Haust\u00fcr zu treffen.\u00ab<\/p>\n\n\n\n<div style=\"height:63px\" aria-hidden=\"true\" class=\"wp-block-spacer\"><\/div>\n\n\n\n<h4 class=\"wp-block-heading\">TRAUMM\u00c4NNER ZUM ANBEISSEN<\/h4>\n\n\n\n<div style=\"height:22px\" aria-hidden=\"true\" class=\"wp-block-spacer\"><\/div>\n\n\n\n<p>Wenn sie an einem Roman schreibt, verbringt Ella W\u00fcnsche die meiste Zeit auf der Couch \u2013 oder bei sch\u00f6nem Wetter auf der Terrasse. Eine bequeme Umgebung ist ihr wichtig, um die Kreativit\u00e4t freizusetzen. F\u00fcr die Recherchen zum Roman <i>Pralinenliebe<\/i> musste sie allerdings viel Zeit in der K\u00fcche verbringen. Nicht zum Herstellen von Pralinen, sondern zum Testessen. \u00bbDie Idee f\u00fcr den Roman <i>Pralinenliebe<\/i> hatte ich bereits vor einigen Jahren. Nachdem mein Mann mir letztes Jahr zum Valentinstag selbstgemachte Pralinen geschenkt hat, habe ich sie wieder ausgegraben. Er war es dann auch, der mich w\u00e4hrend des Schreibens unterst\u00fctzt hat und jeden Abend neue Pralinenkreationen ausprobiert hat.\u00ab<\/p>\n\n\n\n<p>Die K\u00fcche sah danach jedes Mal aus wie ein Schlachtfeld, aber die M\u00fche hat sich gelohnt, versichert Ella W\u00fcnsche. Das Ergebnis waren sieben besondere Pralinen, die im Roman eine wichtige Rolle spielen und die auch als Rezepte in den Anhang eingeflossen sind. \u00bbWas gibt es Romantischeres als gute Schokolade und einen Traummann zum Anbei\u00dfen.\u00ab<\/p>\n","protected":false},"excerpt":{"rendered":"<p>ELLA W\u00dcNSCHE \u00dcBER DAS GL\u00dcCK DES ALLTAGSUND DAS SUCHEN DER WAHREN LIEBE Dieser Text erschien zuerst im Magazin der \u00bbLieblingsautoren\u00ab zur Leipziger Buchmesse 2015. Liebeschaos&nbsp;und Pralinen: Ella W\u00fcnsche schreibt humorvolle Liebesromane \u2013 und das ausgesprochen erfolgreich. Ihr Deb\u00fct-Roman Das Leben ist (k)ein Brautstrau\u00df war ein \u00dcberraschungserfolg im Weihnachtsgesch\u00e4ft 2013 und kletterte innerhalb weniger Tage aus dem Nichts auf Platz 2 der Amazon kindle-Charts. Mittlerweile sind drei weitere Romane erschienen, die allesamt eBook-Bestseller waren. Beim Hausbesuch verr\u00e4t die Autorin, die mit ihrer Familie in der N\u00e4he von Heidelberg wohnt, was sie bewegt und wie sie gro\u00dfe Liebesgeschichten im Alltag findet. Ella W\u00fcnsche liebt Geschichten. Schon in der Schule beeindruckte sie die Lehrer mit Kurzgeschichten. Sp\u00e4ter fing sie an, neben ihrer normalen B\u00fcrot\u00e4tigkeit Drehb\u00fccher zu schreiben. Doch wie kam sie mit Ende Drei\u00dfig pl\u00f6tzlich auf die Idee, einen Roman zu verfassen? \u00bbIch wollte die Geschichte meiner besten Freundin erz\u00e4hlen\u00ab, sagt die Autorin. \u00bbSie arbeitete als Kellnerin in einer Halle f\u00fcr ausl\u00e4ndische Hochzeiten und hat mir immer die verr\u00fccktesten Geschichten erz\u00e4hlt.\u00ab Nat\u00fcrlich geht es in Das Leben ist (k)ein Brautstrau\u00df vor allem um Liebe. \u00bbDas stimmt\u00ab, sagt Ella W\u00fcnsche. \u00bbJede Frau sucht nach der wahren Liebe. Und ich fand den Kontrast gut: Miriam, die Hauptfigur in dem Roman, tr\u00e4umt von der perfekten Hochzeit. Doch stattdessen haut ihr Freund mit den Ersparnissen ab und sie muss gl\u00fccklichen Br\u00e4uten das Essen servieren.\u00ab DIE LIEBE VOR DER HAUST\u00dcR Ein wiederkehrendes Motiv in W\u00fcnsches Romanen sind Frauen, die noch nicht gefunden haben, was sie im Leben suchen. Die unzufrieden sind im Beruf und von einer anderen Karriere und einer tiefergehenden Erf\u00fcllung tr\u00e4umen. Etwa Natalie in Eine (un)m\u00f6gliche Liebe, die von einem abenteuerlichen Leben als Reiseschriftstellerin tr\u00e4umt, aber als Texterin in einer Heizk\u00f6rper-Firma versauert. Wie kommt es dazu, dass die Autorin immer wieder solche Themen aufgreift? \u00bbAus eigener Erfahrung\u00ab, sagt Ella W\u00fcnsche und lacht. \u00bbWahrscheinlich steckt darin ein bisschen was von mir selbst. Au\u00dferdem begegnet mir dieses Thema regelm\u00e4\u00dfig in Gespr\u00e4chen. Viele Freundinnen und Bekannte fragen sich das: Gibt es noch mehr im Leben?\u00ab Die meisten ihrer Ideen haben einen wahren Kern. Beim Schreiben f\u00fcgt sie Figuren und Begebenheiten aus dem echten Leben neu zusammen und verdichtet sie, erkl\u00e4rt die Autorin. Im Januar 2014 unternahm sie beispielsweise eine Individualreise durch Kuba. Kaum war sie in dem Karibik-Staat angekommen, wurde ihr klar, dass sie ihre exotischen Erlebnisse f\u00fcr Natalies gro\u00dfe Reise, im letzten Drittel des Buches, nutzen w\u00fcrde. \u00bbMich interessieren echte Geschichten, Menschen wie du und ich, die der Liebe begegnen. Ist es nicht wunderbar romantisch, wenn gerade vor der eigenen Haust\u00fcr etwas Au\u00dfergew\u00f6hnliches passiert? Das ist doch der gro\u00dfe Traum: Den Prinzen vor der eigenen Haust\u00fcr zu treffen.\u00ab TRAUMM\u00c4NNER ZUM ANBEISSEN Wenn sie an einem Roman schreibt, verbringt Ella W\u00fcnsche die meiste Zeit auf der Couch \u2013 oder bei sch\u00f6nem Wetter auf der Terrasse. Eine bequeme Umgebung ist ihr wichtig, um die Kreativit\u00e4t freizusetzen. F\u00fcr die Recherchen zum Roman Pralinenliebe musste sie allerdings viel Zeit in der K\u00fcche verbringen. Nicht zum Herstellen von Pralinen, sondern zum Testessen. \u00bbDie Idee f\u00fcr den Roman Pralinenliebe hatte ich bereits vor einigen Jahren. Nachdem mein Mann mir letztes Jahr zum Valentinstag selbstgemachte Pralinen geschenkt hat, habe ich sie wieder ausgegraben. Er war es dann auch, der mich w\u00e4hrend des Schreibens unterst\u00fctzt hat und jeden Abend neue Pralinenkreationen ausprobiert hat.\u00ab Die K\u00fcche sah danach jedes Mal aus wie ein Schlachtfeld, aber die M\u00fche hat sich gelohnt, versichert Ella W\u00fcnsche. Das Ergebnis waren sieben besondere Pralinen, die im Roman eine wichtige Rolle spielen und die auch als Rezepte in den Anhang eingeflossen sind. \u00bbWas gibt es Romantischeres als gute Schokolade und einen Traummann zum Anbei\u00dfen.\u00ab<\/p>\n","protected":false},"author":1,"featured_media":0,"parent":333,"menu_order":0,"comment_status":"closed","ping_status":"closed","template":"","meta":{"footnotes":""},"class_list":["post-335","page","type-page","status-publish","hentry"],"acf":[],"_links":{"self":[{"href":"https:\/\/ella-wuensche.de\/jupiter_installation\/wp-json\/wp\/v2\/pages\/335","targetHints":{"allow":["GET"]}}],"collection":[{"href":"https:\/\/ella-wuensche.de\/jupiter_installation\/wp-json\/wp\/v2\/pages"}],"about":[{"href":"https:\/\/ella-wuensche.de\/jupiter_installation\/wp-json\/wp\/v2\/types\/page"}],"author":[{"embeddable":true,"href":"https:\/\/ella-wuensche.de\/jupiter_installation\/wp-json\/wp\/v2\/users\/1"}],"replies":[{"embeddable":true,"href":"https:\/\/ella-wuensche.de\/jupiter_installation\/wp-json\/wp\/v2\/comments?post=335"}],"version-history":[{"count":15,"href":"https:\/\/ella-wuensche.de\/jupiter_installation\/wp-json\/wp\/v2\/pages\/335\/revisions"}],"predecessor-version":[{"id":990,"href":"https:\/\/ella-wuensche.de\/jupiter_installation\/wp-json\/wp\/v2\/pages\/335\/revisions\/990"}],"up":[{"embeddable":true,"href":"https:\/\/ella-wuensche.de\/jupiter_installation\/wp-json\/wp\/v2\/pages\/333"}],"wp:attachment":[{"href":"https:\/\/ella-wuensche.de\/jupiter_installation\/wp-json\/wp\/v2\/media?parent=335"}],"curies":[{"name":"wp","href":"https:\/\/api.w.org\/{rel}","templated":true}]}}