{"id":333,"date":"2017-01-06T10:13:24","date_gmt":"2017-01-06T10:13:24","guid":{"rendered":"http:\/\/ella-wuensche.de\/jupiter_installation\/?page_id=333"},"modified":"2024-04-08T08:39:09","modified_gmt":"2024-04-08T08:39:09","slug":"interviews","status":"publish","type":"page","link":"https:\/\/ella-wuensche.de\/jupiter_installation\/interviews\/","title":{"rendered":"Hintergr\u00fcnde"},"content":{"rendered":"\n<div style=\"height:0px\" aria-hidden=\"true\" class=\"wp-block-spacer\"><\/div>\n\n\n\n<div style=\"height:49px\" aria-hidden=\"true\" class=\"wp-block-spacer\"><\/div>\n\n\n\n<div class=\"wp-block-media-text is-stacked-on-mobile\"><figure class=\"wp-block-media-text__media\"><a href=\"https:\/\/ella-wuensche.de\/jupiter_installation\/interviews\/italienisches-essen-buecherliebe\/\"><img loading=\"lazy\" decoding=\"async\" width=\"1024\" height=\"590\" src=\"https:\/\/ella-wuensche.de\/jupiter_installation\/wp-content\/uploads\/2017\/01\/italienischesrestaurant-1024x590.jpg\" alt=\"\" class=\"wp-image-427 size-full\" srcset=\"https:\/\/ella-wuensche.de\/jupiter_installation\/wp-content\/uploads\/2017\/01\/italienischesrestaurant-1024x590.jpg 1024w, https:\/\/ella-wuensche.de\/jupiter_installation\/wp-content\/uploads\/2017\/01\/italienischesrestaurant-300x173.jpg 300w, https:\/\/ella-wuensche.de\/jupiter_installation\/wp-content\/uploads\/2017\/01\/italienischesrestaurant-768x442.jpg 768w, https:\/\/ella-wuensche.de\/jupiter_installation\/wp-content\/uploads\/2017\/01\/italienischesrestaurant.jpg 1400w\" sizes=\"auto, (max-width: 1024px) 100vw, 1024px\" \/><\/a><\/figure><div class=\"wp-block-media-text__content\">\n<div style=\"height:16px\" aria-hidden=\"true\" class=\"wp-block-spacer\"><\/div>\n\n\n\n<p>Ein Interview zu meinem Roman \u00bbDer Geschmack von Mandeleis\u00ab.<\/p>\n\n\n\n<div style=\"height:16px\" aria-hidden=\"true\" class=\"wp-block-spacer\"><\/div>\n\n\n\n<div class=\"wp-block-buttons is-layout-flex wp-block-buttons-is-layout-flex\">\n<div class=\"wp-block-button is-style-outline is-style-outline--1\"><a class=\"wp-block-button__link has-text-color has-link-color wp-element-button\" href=\"https:\/\/ella-wuensche.de\/jupiter_installation\/interviews\/italienisches-essen-buecherliebe\/\" style=\"color:#f30a6c\">Italienisches Essen &amp; B\u00fccherliebe<\/a><\/div>\n<\/div>\n<\/div><\/div>\n\n\n\n<div style=\"height:111px\" aria-hidden=\"true\" class=\"wp-block-spacer\"><\/div>\n\n\n\n<div class=\"wp-block-media-text has-media-on-the-right is-stacked-on-mobile\"><div class=\"wp-block-media-text__content\">\n<div style=\"height:15px\" aria-hidden=\"true\" class=\"wp-block-spacer\"><\/div>\n\n\n\n<p>Ein Hintergrundbericht aus Bosnien zu meinem Roman \u00bbDer Duft von Erdbeersaft\u00ab.<\/p>\n\n\n\n<div style=\"height:15px\" aria-hidden=\"true\" class=\"wp-block-spacer\"><\/div>\n\n\n\n<div class=\"wp-block-buttons is-layout-flex wp-block-buttons-is-layout-flex\">\n<div class=\"wp-block-button is-style-outline is-style-outline--2\"><a class=\"wp-block-button__link has-text-color has-link-color wp-element-button\" href=\"https:\/\/ella-wuensche.de\/jupiter_installation\/interviews\/die-bewegendsten-geschichten-schreibt-das-leben\/\" style=\"color:#f30a6c\">Die bewegendsten Geschichten schreibt das Leben<\/a><\/div>\n<\/div>\n<\/div><figure class=\"wp-block-media-text__media\"><img loading=\"lazy\" decoding=\"async\" width=\"1024\" height=\"682\" src=\"https:\/\/ella-wuensche.de\/jupiter_installation\/wp-content\/uploads\/2017\/01\/mg_1467-1024x682.jpg\" alt=\"\" class=\"wp-image-443 size-full\" srcset=\"https:\/\/ella-wuensche.de\/jupiter_installation\/wp-content\/uploads\/2017\/01\/mg_1467-1024x682.jpg 1024w, https:\/\/ella-wuensche.de\/jupiter_installation\/wp-content\/uploads\/2017\/01\/mg_1467-300x200.jpg 300w, https:\/\/ella-wuensche.de\/jupiter_installation\/wp-content\/uploads\/2017\/01\/mg_1467-768x512.jpg 768w, https:\/\/ella-wuensche.de\/jupiter_installation\/wp-content\/uploads\/2017\/01\/mg_1467-150x100.jpg 150w, https:\/\/ella-wuensche.de\/jupiter_installation\/wp-content\/uploads\/2017\/01\/mg_1467-330x220.jpg 330w, https:\/\/ella-wuensche.de\/jupiter_installation\/wp-content\/uploads\/2017\/01\/mg_1467-900x600.jpg 900w, https:\/\/ella-wuensche.de\/jupiter_installation\/wp-content\/uploads\/2017\/01\/mg_1467-736x490.jpg 736w, https:\/\/ella-wuensche.de\/jupiter_installation\/wp-content\/uploads\/2017\/01\/mg_1467-621x414.jpg 621w, https:\/\/ella-wuensche.de\/jupiter_installation\/wp-content\/uploads\/2017\/01\/mg_1467-1280x853.jpg 1280w, https:\/\/ella-wuensche.de\/jupiter_installation\/wp-content\/uploads\/2017\/01\/mg_1467-414x276.jpg 414w, https:\/\/ella-wuensche.de\/jupiter_installation\/wp-content\/uploads\/2017\/01\/mg_1467.jpg 1400w\" sizes=\"auto, (max-width: 1024px) 100vw, 1024px\" \/><\/figure><\/div>\n\n\n\n<div style=\"height:118px\" aria-hidden=\"true\" class=\"wp-block-spacer\"><\/div>\n\n\n\n<p class=\"has-text-align-center\">Videointerview zum Roman \u00bbTausend Farben des Gl\u00fccks\u00ab:<\/p>\n\n\n<figure class=\"wp-block-embed-youtube wp-block-embed is-type-video is-provider-youtube wp-embed-aspect-16-9 wp-has-aspect-ratio\"><div class=\"lyte-wrapper\" style=\"width:640px;max-width:100%;margin:5px auto;\"><div class=\"lyMe\" id=\"WYL_oH21jT6k_HU\"><div id=\"lyte_oH21jT6k_HU\" data-src=\"https:\/\/ella-wuensche.de\/jupiter_installation\/wp-content\/plugins\/wp-youtube-lyte\/lyteCache.php?origThumbUrl=%2F%2Fi.ytimg.com%2Fvi%2FoH21jT6k_HU%2Fhqdefault.jpg\" class=\"pL\"><div class=\"tC\"><div class=\"tT\"><\/div><\/div><div class=\"play\"><\/div><div class=\"ctrl\"><div class=\"Lctrl\"><\/div><div class=\"Rctrl\"><\/div><\/div><\/div><noscript><a href=\"https:\/\/youtu.be\/oH21jT6k_HU\" rel=\"nofollow\"><img loading=\"lazy\" decoding=\"async\" src=\"https:\/\/ella-wuensche.de\/jupiter_installation\/wp-content\/plugins\/wp-youtube-lyte\/lyteCache.php?origThumbUrl=https%3A%2F%2Fi.ytimg.com%2Fvi%2FoH21jT6k_HU%2F0.jpg\" alt=\"YouTube-Video-Thumbnail\" width=\"640\" height=\"340\" \/><br \/>Dieses Video auf YouTube ansehen<\/a><\/noscript><\/div><\/div><div class=\"lL\" style=\"max-width:100%;width:640px;margin:5px auto;\"><\/div><figcaption><\/figcaption><\/figure>\n\n\n<div style=\"height:118px\" aria-hidden=\"true\" class=\"wp-block-spacer\"><\/div>\n\n\n\n<div class=\"wp-block-media-text is-stacked-on-mobile\" style=\"grid-template-columns:37% auto\"><figure class=\"wp-block-media-text__media\"><img loading=\"lazy\" decoding=\"async\" width=\"1024\" height=\"774\" src=\"https:\/\/ella-wuensche.de\/jupiter_installation\/wp-content\/uploads\/2017\/01\/couch-1024x774.jpg\" alt=\"\" class=\"wp-image-428 size-thumbnail\" srcset=\"https:\/\/ella-wuensche.de\/jupiter_installation\/wp-content\/uploads\/2017\/01\/couch-1024x774.jpg 1024w, https:\/\/ella-wuensche.de\/jupiter_installation\/wp-content\/uploads\/2017\/01\/couch-300x227.jpg 300w, https:\/\/ella-wuensche.de\/jupiter_installation\/wp-content\/uploads\/2017\/01\/couch-768x580.jpg 768w, https:\/\/ella-wuensche.de\/jupiter_installation\/wp-content\/uploads\/2017\/01\/couch-330x249.jpg 330w, https:\/\/ella-wuensche.de\/jupiter_installation\/wp-content\/uploads\/2017\/01\/couch-1016x768.jpg 1016w, https:\/\/ella-wuensche.de\/jupiter_installation\/wp-content\/uploads\/2017\/01\/couch-548x414.jpg 548w, https:\/\/ella-wuensche.de\/jupiter_installation\/wp-content\/uploads\/2017\/01\/couch-1280x967.jpg 1280w, https:\/\/ella-wuensche.de\/jupiter_installation\/wp-content\/uploads\/2017\/01\/couch-414x313.jpg 414w, https:\/\/ella-wuensche.de\/jupiter_installation\/wp-content\/uploads\/2017\/01\/couch.jpg 1400w\" sizes=\"auto, (max-width: 1024px) 100vw, 1024px\" \/><\/figure><div class=\"wp-block-media-text__content\">\n<div style=\"height:15px\" aria-hidden=\"true\" class=\"wp-block-spacer\"><\/div>\n\n\n\n<p>Ein Interview zum dritten Roman \u00bbPralinenliebe\u00ab von 2015.<\/p>\n\n\n\n<div style=\"height:15px\" aria-hidden=\"true\" class=\"wp-block-spacer\"><\/div>\n\n\n\n<div class=\"wp-block-buttons is-layout-flex wp-block-buttons-is-layout-flex\">\n<div class=\"wp-block-button is-style-outline is-style-outline--3\"><a class=\"wp-block-button__link has-text-color has-link-color wp-element-button\" href=\"https:\/\/ella-wuensche.de\/jupiter_installation\/interviews\/liebe-andere-suessigkeiten\/\" style=\"color:#f30a6c\">Liebe &amp; andere S\u00fc\u00dfigkeiten<\/a><\/div>\n<\/div>\n<\/div><\/div>\n\n\n\n<div style=\"height:118px\" aria-hidden=\"true\" class=\"wp-block-spacer\"><\/div>\n\n\n\n<div class=\"wp-block-media-text has-media-on-the-right is-stacked-on-mobile\" style=\"grid-template-columns:auto 46%\"><div class=\"wp-block-media-text__content\">\n<div style=\"height:15px\" aria-hidden=\"true\" class=\"wp-block-spacer\"><\/div>\n\n\n\n<p>Interview zu meinem Deb\u00fctroman \u00bbDas Leben ist (k)ein Brautstrau\u00df\u00ab.<\/p>\n\n\n\n<div style=\"height:15px\" aria-hidden=\"true\" class=\"wp-block-spacer\"><\/div>\n\n\n\n<div class=\"wp-block-buttons is-layout-flex wp-block-buttons-is-layout-flex\">\n<div class=\"wp-block-button is-style-outline is-style-outline--4\"><a class=\"wp-block-button__link has-text-color has-link-color wp-element-button\" href=\"https:\/\/ella-wuensche.de\/jupiter_installation\/glaubst-du-an-die-grose-liebe-interview-eben-ist-kein-brautstrauss\/\" style=\"color:#f30a6c\">Glaubst du an die gro\u00dfe Liebe?<\/a><\/div>\n<\/div>\n<\/div><figure class=\"wp-block-media-text__media\"><img loading=\"lazy\" decoding=\"async\" width=\"1024\" height=\"682\" src=\"https:\/\/ella-wuensche.de\/jupiter_installation\/wp-content\/uploads\/2017\/01\/venedig-1024x682.jpg\" alt=\"\" class=\"wp-image-434 size-large\" srcset=\"https:\/\/ella-wuensche.de\/jupiter_installation\/wp-content\/uploads\/2017\/01\/venedig-1024x682.jpg 1024w, https:\/\/ella-wuensche.de\/jupiter_installation\/wp-content\/uploads\/2017\/01\/venedig-300x200.jpg 300w, https:\/\/ella-wuensche.de\/jupiter_installation\/wp-content\/uploads\/2017\/01\/venedig-768x512.jpg 768w, https:\/\/ella-wuensche.de\/jupiter_installation\/wp-content\/uploads\/2017\/01\/venedig-150x100.jpg 150w, https:\/\/ella-wuensche.de\/jupiter_installation\/wp-content\/uploads\/2017\/01\/venedig-330x220.jpg 330w, https:\/\/ella-wuensche.de\/jupiter_installation\/wp-content\/uploads\/2017\/01\/venedig-900x600.jpg 900w, https:\/\/ella-wuensche.de\/jupiter_installation\/wp-content\/uploads\/2017\/01\/venedig-736x490.jpg 736w, https:\/\/ella-wuensche.de\/jupiter_installation\/wp-content\/uploads\/2017\/01\/venedig-621x414.jpg 621w, https:\/\/ella-wuensche.de\/jupiter_installation\/wp-content\/uploads\/2017\/01\/venedig-1280x853.jpg 1280w, https:\/\/ella-wuensche.de\/jupiter_installation\/wp-content\/uploads\/2017\/01\/venedig-414x276.jpg 414w, https:\/\/ella-wuensche.de\/jupiter_installation\/wp-content\/uploads\/2017\/01\/venedig.jpg 1400w\" sizes=\"auto, (max-width: 1024px) 100vw, 1024px\" \/><\/figure><\/div>\n\n\n\n<div style=\"height:118px\" aria-hidden=\"true\" class=\"wp-block-spacer\"><\/div>\n\n\n\n<div class=\"wp-block-media-text has-media-on-the-right is-stacked-on-mobile is-vertically-aligned-center has-background\" style=\"background-color:#f8f8f8\"><div class=\"wp-block-media-text__content\">\n<h3 class=\"wp-block-heading has-text-color has-link-color wp-elements-8f702b259b107a3ee53a5258846096f4\" style=\"color:#f30a6c\">Abonniere meinen Newsletter \u2026<\/h3>\n\n\n\n<p>\u2026 und erhalte als Dankesch\u00f6n Rezeptb\u00fccher zu meinen Romanen als eBooks. Mein Newsletter erscheint drei- bis viermal im Jahr und informiert \u00fcber meine Neuerscheinungen.<\/p>\n\n\n\n<div style=\"height:23px\" aria-hidden=\"true\" class=\"wp-block-spacer\"><\/div>\n\n\n\n<div class=\"wp-block-buttons is-layout-flex wp-block-buttons-is-layout-flex\">\n<div class=\"wp-block-button is-style-outline is-style-outline--5\"><a class=\"wp-block-button__link has-white-color has-text-color has-background has-link-color wp-element-button\" href=\"https:\/\/mailchi.mp\/70b8128d57ff\/kochbuch-newsletter-anmeldung\" style=\"background-color:#f30a6c\">Zur Newsletter-Anmeldung<\/a><\/div>\n<\/div>\n\n\n\n<div style=\"height:13px\" aria-hidden=\"true\" class=\"wp-block-spacer\"><\/div>\n<\/div><figure class=\"wp-block-media-text__media\"><img loading=\"lazy\" decoding=\"async\" width=\"1024\" height=\"604\" src=\"https:\/\/ella-wuensche.de\/jupiter_installation\/wp-content\/uploads\/2024\/03\/87082c8f-331e-43d0-3fa1-dfa2bd22ce7d-1024x604.jpg\" alt=\"\" class=\"wp-image-843 size-full\" srcset=\"https:\/\/ella-wuensche.de\/jupiter_installation\/wp-content\/uploads\/2024\/03\/87082c8f-331e-43d0-3fa1-dfa2bd22ce7d-1024x604.jpg 1024w, https:\/\/ella-wuensche.de\/jupiter_installation\/wp-content\/uploads\/2024\/03\/87082c8f-331e-43d0-3fa1-dfa2bd22ce7d-300x177.jpg 300w, https:\/\/ella-wuensche.de\/jupiter_installation\/wp-content\/uploads\/2024\/03\/87082c8f-331e-43d0-3fa1-dfa2bd22ce7d-768x453.jpg 768w, https:\/\/ella-wuensche.de\/jupiter_installation\/wp-content\/uploads\/2024\/03\/87082c8f-331e-43d0-3fa1-dfa2bd22ce7d-1140x673.jpg 1140w, https:\/\/ella-wuensche.de\/jupiter_installation\/wp-content\/uploads\/2024\/03\/87082c8f-331e-43d0-3fa1-dfa2bd22ce7d.jpg 1400w\" sizes=\"auto, (max-width: 1024px) 100vw, 1024px\" \/><\/figure><\/div>\n","protected":false},"excerpt":{"rendered":"<p>Videointerview zum Roman \u00bbTausend Farben des Gl\u00fccks\u00ab:<\/p>\n","protected":false},"author":1,"featured_media":0,"parent":0,"menu_order":0,"comment_status":"closed","ping_status":"closed","template":"","meta":{"footnotes":""},"class_list":["post-333","page","type-page","status-publish","hentry"],"acf":[],"_links":{"self":[{"href":"https:\/\/ella-wuensche.de\/jupiter_installation\/wp-json\/wp\/v2\/pages\/333","targetHints":{"allow":["GET"]}}],"collection":[{"href":"https:\/\/ella-wuensche.de\/jupiter_installation\/wp-json\/wp\/v2\/pages"}],"about":[{"href":"https:\/\/ella-wuensche.de\/jupiter_installation\/wp-json\/wp\/v2\/types\/page"}],"author":[{"embeddable":true,"href":"https:\/\/ella-wuensche.de\/jupiter_installation\/wp-json\/wp\/v2\/users\/1"}],"replies":[{"embeddable":true,"href":"https:\/\/ella-wuensche.de\/jupiter_installation\/wp-json\/wp\/v2\/comments?post=333"}],"version-history":[{"count":24,"href":"https:\/\/ella-wuensche.de\/jupiter_installation\/wp-json\/wp\/v2\/pages\/333\/revisions"}],"predecessor-version":[{"id":1033,"href":"https:\/\/ella-wuensche.de\/jupiter_installation\/wp-json\/wp\/v2\/pages\/333\/revisions\/1033"}],"wp:attachment":[{"href":"https:\/\/ella-wuensche.de\/jupiter_installation\/wp-json\/wp\/v2\/media?parent=333"}],"curies":[{"name":"wp","href":"https:\/\/api.w.org\/{rel}","templated":true}]}}