{"id":270,"date":"2017-01-05T20:24:37","date_gmt":"2017-01-05T20:24:37","guid":{"rendered":"http:\/\/ella-wuensche.de\/jupiter_installation\/?page_id=270"},"modified":"2021-06-29T14:07:52","modified_gmt":"2021-06-29T14:07:52","slug":"der-geschmack-von-mandeleis","status":"publish","type":"page","link":"https:\/\/ella-wuensche.de\/jupiter_installation\/bucher\/der-geschmack-von-mandeleis\/","title":{"rendered":"Der Geschmack von Mandeleis"},"content":{"rendered":"\n<figure class=\"wp-block-image size-full\"><img loading=\"lazy\" decoding=\"async\" width=\"200\" height=\"309\" src=\"https:\/\/ella-wuensche.de\/jupiter_installation\/wp-content\/uploads\/2017\/01\/cover_mandeleis_web_mini.jpg\" alt=\"\" class=\"wp-image-410\" srcset=\"https:\/\/ella-wuensche.de\/jupiter_installation\/wp-content\/uploads\/2017\/01\/cover_mandeleis_web_mini.jpg 200w, https:\/\/ella-wuensche.de\/jupiter_installation\/wp-content\/uploads\/2017\/01\/cover_mandeleis_web_mini-194x300.jpg 194w, https:\/\/ella-wuensche.de\/jupiter_installation\/wp-content\/uploads\/2017\/01\/cover_mandeleis_web_mini-168x260.jpg 168w\" sizes=\"auto, (max-width: 200px) 100vw, 200px\" \/><\/figure>\n\n\n\n<p class=\"has-drop-cap\">Es ist die Begegnung mit dem Buchh\u00e4ndler Friedrich, die Maya einen neuen Blick auf die gro\u00dfen Liebesgeschichten der Literatur er\u00f6ffnet. Doch als sie einen alten Brief von Friedrichs gro\u00dfer Liebe findet, wird aus der literarischen Fantasie pl\u00f6tzlich Realit\u00e4t.<\/p>\n\n\n\n<p>Maya beginnt eine Reise in eine der romantischsten Gegenden Italiens, die ihr neue Freunde, bittere Entt\u00e4uschungen, aber auch die Aussicht auf die ganz gro\u00dfe Liebe bringt. Am Ende des Sommers erkennt sie: Das eigene Leben ist manchmal der spannendste Roman.<\/p>\n\n\n\n<p><em>Ein Fest der Liebe, Freundschaft und der B\u00fccher.<\/em><\/p>\n\n\n\n<p><strong><em style=\"font-size: inherit; color: var(--global--color-primary); font-family: var(--global--font-secondary);\">\u00bbDie gr\u00f6\u00dften Liebesgeschichten schreibt das echte Leben.\u00ab<\/em><\/strong><\/p>\n","protected":false},"excerpt":{"rendered":"<p>Es ist die Begegnung mit dem Buchh\u00e4ndler Friedrich, die Maya einen neuen Blick auf die gro\u00dfen Liebesgeschichten der Literatur er\u00f6ffnet. Doch als sie einen alten Brief von Friedrichs gro\u00dfer Liebe findet, wird aus der literarischen Fantasie pl\u00f6tzlich Realit\u00e4t. Maya beginnt eine Reise in eine der romantischsten Gegenden Italiens, die ihr neue Freunde, bittere Entt\u00e4uschungen, aber auch die Aussicht auf die ganz gro\u00dfe Liebe bringt. Am Ende des Sommers erkennt sie: Das eigene Leben ist manchmal der spannendste Roman. Ein Fest der Liebe, Freundschaft und der B\u00fccher. \u00bbDie gr\u00f6\u00dften Liebesgeschichten schreibt das echte Leben.\u00ab<\/p>\n","protected":false},"author":1,"featured_media":0,"parent":174,"menu_order":0,"comment_status":"closed","ping_status":"closed","template":"","meta":{"footnotes":""},"class_list":["post-270","page","type-page","status-publish","hentry"],"acf":[],"_links":{"self":[{"href":"https:\/\/ella-wuensche.de\/jupiter_installation\/wp-json\/wp\/v2\/pages\/270","targetHints":{"allow":["GET"]}}],"collection":[{"href":"https:\/\/ella-wuensche.de\/jupiter_installation\/wp-json\/wp\/v2\/pages"}],"about":[{"href":"https:\/\/ella-wuensche.de\/jupiter_installation\/wp-json\/wp\/v2\/types\/page"}],"author":[{"embeddable":true,"href":"https:\/\/ella-wuensche.de\/jupiter_installation\/wp-json\/wp\/v2\/users\/1"}],"replies":[{"embeddable":true,"href":"https:\/\/ella-wuensche.de\/jupiter_installation\/wp-json\/wp\/v2\/comments?post=270"}],"version-history":[{"count":13,"href":"https:\/\/ella-wuensche.de\/jupiter_installation\/wp-json\/wp\/v2\/pages\/270\/revisions"}],"predecessor-version":[{"id":673,"href":"https:\/\/ella-wuensche.de\/jupiter_installation\/wp-json\/wp\/v2\/pages\/270\/revisions\/673"}],"up":[{"embeddable":true,"href":"https:\/\/ella-wuensche.de\/jupiter_installation\/wp-json\/wp\/v2\/pages\/174"}],"wp:attachment":[{"href":"https:\/\/ella-wuensche.de\/jupiter_installation\/wp-json\/wp\/v2\/media?parent=270"}],"curies":[{"name":"wp","href":"https:\/\/api.w.org\/{rel}","templated":true}]}}