{"id":174,"date":"2016-04-17T20:26:44","date_gmt":"2016-04-17T20:26:44","guid":{"rendered":"http:\/\/ella-wuensche.de\/?page_id=174"},"modified":"2024-04-01T19:38:17","modified_gmt":"2024-04-01T19:38:17","slug":"bucher","status":"publish","type":"page","link":"https:\/\/ella-wuensche.de\/jupiter_installation\/bucher\/","title":{"rendered":"B\u00fccher"},"content":{"rendered":"\n<p>Auf dieser Seite findest du eine \u00dcbersicht \u00fcber meine Romane in der Reihenfolge der Ver\u00f6ffentlichung. Eine \u00dcbersicht \u00fcber meine <a href=\"https:\/\/ella-wuensche.de\/jupiter_installation\/cafe-sehnsucht-reihe\/\" data-type=\"page\" data-id=\"717\">Caf\u00e9 Sehnsucht-Reihe findest du auf dieser Seite<\/a>.<\/p>\n\n\n\n<div style=\"height:34px\" aria-hidden=\"true\" class=\"wp-block-spacer\"><\/div>\n\n\n<ul class=\"wp-block-latest-posts__list is-grid columns-3 aligncenter wp-block-latest-posts\"><li><div class=\"wp-block-latest-posts__featured-image\"><img loading=\"lazy\" decoding=\"async\" width=\"300\" height=\"300\" src=\"https:\/\/ella-wuensche.de\/jupiter_installation\/wp-content\/uploads\/2025\/07\/Banner-square-300x300.jpg\" class=\"attachment-medium size-medium wp-post-image\" alt=\"\" style=\"\" srcset=\"https:\/\/ella-wuensche.de\/jupiter_installation\/wp-content\/uploads\/2025\/07\/Banner-square-300x300.jpg 300w, https:\/\/ella-wuensche.de\/jupiter_installation\/wp-content\/uploads\/2025\/07\/Banner-square-150x150.jpg 150w, https:\/\/ella-wuensche.de\/jupiter_installation\/wp-content\/uploads\/2025\/07\/Banner-square-768x768.jpg 768w, https:\/\/ella-wuensche.de\/jupiter_installation\/wp-content\/uploads\/2025\/07\/Banner-square-75x75.jpg 75w, https:\/\/ella-wuensche.de\/jupiter_installation\/wp-content\/uploads\/2025\/07\/Banner-square.jpg 800w\" sizes=\"auto, (max-width: 300px) 100vw, 300px\" \/><\/div><a class=\"wp-block-latest-posts__post-title\" href=\"https:\/\/ella-wuensche.de\/jupiter_installation\/die-bittersuessen-geheimnisse-des-lebens\/\">\u00bbDie bitters\u00fc\u00dfen Geheimnisse des Lebens\u00ab<\/a><\/li>\n<li><div class=\"wp-block-latest-posts__featured-image\"><img loading=\"lazy\" decoding=\"async\" width=\"300\" height=\"300\" src=\"https:\/\/ella-wuensche.de\/jupiter_installation\/wp-content\/uploads\/2024\/10\/Kachel-NEU-300x300.jpg\" class=\"attachment-medium size-medium wp-post-image\" alt=\"\" style=\"\" srcset=\"https:\/\/ella-wuensche.de\/jupiter_installation\/wp-content\/uploads\/2024\/10\/Kachel-NEU-300x300.jpg 300w, https:\/\/ella-wuensche.de\/jupiter_installation\/wp-content\/uploads\/2024\/10\/Kachel-NEU-150x150.jpg 150w, https:\/\/ella-wuensche.de\/jupiter_installation\/wp-content\/uploads\/2024\/10\/Kachel-NEU-75x75.jpg 75w, https:\/\/ella-wuensche.de\/jupiter_installation\/wp-content\/uploads\/2024\/10\/Kachel-NEU.jpg 600w\" sizes=\"auto, (max-width: 300px) 100vw, 300px\" \/><\/div><a class=\"wp-block-latest-posts__post-title\" href=\"https:\/\/ella-wuensche.de\/jupiter_installation\/so-nah-wie-dein-herzschlag\/\">\u00bbSo nah wie dein Herzschlag\u00ab<\/a><\/li>\n<li><div class=\"wp-block-latest-posts__featured-image\"><img loading=\"lazy\" decoding=\"async\" width=\"300\" height=\"300\" src=\"https:\/\/ella-wuensche.de\/jupiter_installation\/wp-content\/uploads\/2024\/03\/KachelFB-300x300.jpg\" class=\"attachment-medium size-medium wp-post-image\" alt=\"\" style=\"\" srcset=\"https:\/\/ella-wuensche.de\/jupiter_installation\/wp-content\/uploads\/2024\/03\/KachelFB-300x300.jpg 300w, https:\/\/ella-wuensche.de\/jupiter_installation\/wp-content\/uploads\/2024\/03\/KachelFB-1024x1024.jpg 1024w, https:\/\/ella-wuensche.de\/jupiter_installation\/wp-content\/uploads\/2024\/03\/KachelFB-150x150.jpg 150w, https:\/\/ella-wuensche.de\/jupiter_installation\/wp-content\/uploads\/2024\/03\/KachelFB-768x768.jpg 768w, https:\/\/ella-wuensche.de\/jupiter_installation\/wp-content\/uploads\/2024\/03\/KachelFB-1536x1536.jpg 1536w, https:\/\/ella-wuensche.de\/jupiter_installation\/wp-content\/uploads\/2024\/03\/KachelFB-2048x2048.jpg 2048w, https:\/\/ella-wuensche.de\/jupiter_installation\/wp-content\/uploads\/2024\/03\/KachelFB-1140x1140.jpg 1140w, https:\/\/ella-wuensche.de\/jupiter_installation\/wp-content\/uploads\/2024\/03\/KachelFB-75x75.jpg 75w\" sizes=\"auto, (max-width: 300px) 100vw, 300px\" \/><\/div><a class=\"wp-block-latest-posts__post-title\" href=\"https:\/\/ella-wuensche.de\/jupiter_installation\/das-verlorene-schloss-am-meer\/\">\u00bbDas verlorene Schloss am Meer\u00ab<\/a><\/li>\n<li><div class=\"wp-block-latest-posts__featured-image\"><img loading=\"lazy\" decoding=\"async\" width=\"300\" height=\"300\" src=\"https:\/\/ella-wuensche.de\/jupiter_installation\/wp-content\/uploads\/2023\/07\/FBAd-Lavendel-02a-Square-300x300.jpg\" class=\"attachment-medium size-medium wp-post-image\" alt=\"\" style=\"\" srcset=\"https:\/\/ella-wuensche.de\/jupiter_installation\/wp-content\/uploads\/2023\/07\/FBAd-Lavendel-02a-Square-300x300.jpg 300w, https:\/\/ella-wuensche.de\/jupiter_installation\/wp-content\/uploads\/2023\/07\/FBAd-Lavendel-02a-Square-1024x1024.jpg 1024w, https:\/\/ella-wuensche.de\/jupiter_installation\/wp-content\/uploads\/2023\/07\/FBAd-Lavendel-02a-Square-150x150.jpg 150w, https:\/\/ella-wuensche.de\/jupiter_installation\/wp-content\/uploads\/2023\/07\/FBAd-Lavendel-02a-Square-768x768.jpg 768w, https:\/\/ella-wuensche.de\/jupiter_installation\/wp-content\/uploads\/2023\/07\/FBAd-Lavendel-02a-Square-75x75.jpg 75w, https:\/\/ella-wuensche.de\/jupiter_installation\/wp-content\/uploads\/2023\/07\/FBAd-Lavendel-02a-Square.jpg 1080w\" sizes=\"auto, (max-width: 300px) 100vw, 300px\" \/><\/div><a class=\"wp-block-latest-posts__post-title\" href=\"https:\/\/ella-wuensche.de\/jupiter_installation\/das-geheimnis-des-lavendels\/\">\u00bbDas Geheimnis des Lavendels\u00ab<\/a><\/li>\n<li><div class=\"wp-block-latest-posts__featured-image\"><img loading=\"lazy\" decoding=\"async\" width=\"300\" height=\"300\" src=\"https:\/\/ella-wuensche.de\/jupiter_installation\/wp-content\/uploads\/2023\/02\/Cover_Brandung_web-300x300.jpg\" class=\"attachment-medium size-medium wp-post-image\" alt=\"\" style=\"\" srcset=\"https:\/\/ella-wuensche.de\/jupiter_installation\/wp-content\/uploads\/2023\/02\/Cover_Brandung_web-300x300.jpg 300w, https:\/\/ella-wuensche.de\/jupiter_installation\/wp-content\/uploads\/2023\/02\/Cover_Brandung_web-1024x1020.jpg 1024w, https:\/\/ella-wuensche.de\/jupiter_installation\/wp-content\/uploads\/2023\/02\/Cover_Brandung_web-150x150.jpg 150w, https:\/\/ella-wuensche.de\/jupiter_installation\/wp-content\/uploads\/2023\/02\/Cover_Brandung_web-768x765.jpg 768w, https:\/\/ella-wuensche.de\/jupiter_installation\/wp-content\/uploads\/2023\/02\/Cover_Brandung_web-1536x1530.jpg 1536w, https:\/\/ella-wuensche.de\/jupiter_installation\/wp-content\/uploads\/2023\/02\/Cover_Brandung_web-2048x2039.jpg 2048w, https:\/\/ella-wuensche.de\/jupiter_installation\/wp-content\/uploads\/2023\/02\/Cover_Brandung_web-1140x1135.jpg 1140w, https:\/\/ella-wuensche.de\/jupiter_installation\/wp-content\/uploads\/2023\/02\/Cover_Brandung_web-75x75.jpg 75w\" sizes=\"auto, (max-width: 300px) 100vw, 300px\" \/><\/div><a class=\"wp-block-latest-posts__post-title\" href=\"https:\/\/ella-wuensche.de\/jupiter_installation\/die-brandung-der-erinnerung\/\">\u00bbDie Brandung der Erinnerung\u00ab<\/a><\/li>\n<li><div class=\"wp-block-latest-posts__featured-image\"><img loading=\"lazy\" decoding=\"async\" width=\"300\" height=\"300\" src=\"https:\/\/ella-wuensche.de\/jupiter_installation\/wp-content\/uploads\/2022\/09\/Insta_Wuensche_Das-Lied-der-Wellen_pale-300x300.jpg\" class=\"attachment-medium size-medium wp-post-image\" alt=\"\" style=\"\" srcset=\"https:\/\/ella-wuensche.de\/jupiter_installation\/wp-content\/uploads\/2022\/09\/Insta_Wuensche_Das-Lied-der-Wellen_pale-300x300.jpg 300w, https:\/\/ella-wuensche.de\/jupiter_installation\/wp-content\/uploads\/2022\/09\/Insta_Wuensche_Das-Lied-der-Wellen_pale-1024x1024.jpg 1024w, https:\/\/ella-wuensche.de\/jupiter_installation\/wp-content\/uploads\/2022\/09\/Insta_Wuensche_Das-Lied-der-Wellen_pale-150x150.jpg 150w, https:\/\/ella-wuensche.de\/jupiter_installation\/wp-content\/uploads\/2022\/09\/Insta_Wuensche_Das-Lied-der-Wellen_pale-768x768.jpg 768w, https:\/\/ella-wuensche.de\/jupiter_installation\/wp-content\/uploads\/2022\/09\/Insta_Wuensche_Das-Lied-der-Wellen_pale-75x75.jpg 75w, https:\/\/ella-wuensche.de\/jupiter_installation\/wp-content\/uploads\/2022\/09\/Insta_Wuensche_Das-Lied-der-Wellen_pale.jpg 1080w\" sizes=\"auto, (max-width: 300px) 100vw, 300px\" \/><\/div><a class=\"wp-block-latest-posts__post-title\" href=\"https:\/\/ella-wuensche.de\/jupiter_installation\/das-lied-der-wellen-der-erste-band-der-nordseetraeume\/\">\u00bbDas Lied der Wellen\u00ab &#8211; der erste Band der Nordseetr\u00e4ume<\/a><\/li>\n<li><div class=\"wp-block-latest-posts__featured-image\"><img loading=\"lazy\" decoding=\"async\" width=\"300\" height=\"300\" src=\"https:\/\/ella-wuensche.de\/jupiter_installation\/wp-content\/uploads\/2021\/06\/Cover-aplus.jpg\" class=\"attachment-medium size-medium wp-post-image\" alt=\"\" style=\"\" srcset=\"https:\/\/ella-wuensche.de\/jupiter_installation\/wp-content\/uploads\/2021\/06\/Cover-aplus.jpg 300w, https:\/\/ella-wuensche.de\/jupiter_installation\/wp-content\/uploads\/2021\/06\/Cover-aplus-150x150.jpg 150w, https:\/\/ella-wuensche.de\/jupiter_installation\/wp-content\/uploads\/2021\/06\/Cover-aplus-75x75.jpg 75w\" sizes=\"auto, (max-width: 300px) 100vw, 300px\" \/><\/div><a class=\"wp-block-latest-posts__post-title\" href=\"https:\/\/ella-wuensche.de\/jupiter_installation\/neues-aus-dem-cafe-sehnsucht\/\">Neues aus dem \u00bbCaf\u00e9 Sehnsucht\u00ab<\/a><\/li>\n<li><div class=\"wp-block-latest-posts__featured-image\"><img loading=\"lazy\" decoding=\"async\" width=\"300\" height=\"300\" src=\"https:\/\/ella-wuensche.de\/jupiter_installation\/wp-content\/uploads\/2020\/11\/128427684_3772133079499664_1383872919491247122_n-300x300.jpg\" class=\"attachment-medium size-medium wp-post-image\" alt=\"\" style=\"\" srcset=\"https:\/\/ella-wuensche.de\/jupiter_installation\/wp-content\/uploads\/2020\/11\/128427684_3772133079499664_1383872919491247122_n-300x300.jpg 300w, https:\/\/ella-wuensche.de\/jupiter_installation\/wp-content\/uploads\/2020\/11\/128427684_3772133079499664_1383872919491247122_n-1024x1024.jpg 1024w, https:\/\/ella-wuensche.de\/jupiter_installation\/wp-content\/uploads\/2020\/11\/128427684_3772133079499664_1383872919491247122_n-150x150.jpg 150w, https:\/\/ella-wuensche.de\/jupiter_installation\/wp-content\/uploads\/2020\/11\/128427684_3772133079499664_1383872919491247122_n-768x768.jpg 768w, https:\/\/ella-wuensche.de\/jupiter_installation\/wp-content\/uploads\/2020\/11\/128427684_3772133079499664_1383872919491247122_n-1140x1140.jpg 1140w, https:\/\/ella-wuensche.de\/jupiter_installation\/wp-content\/uploads\/2020\/11\/128427684_3772133079499664_1383872919491247122_n-75x75.jpg 75w, https:\/\/ella-wuensche.de\/jupiter_installation\/wp-content\/uploads\/2020\/11\/128427684_3772133079499664_1383872919491247122_n.jpg 1200w\" sizes=\"auto, (max-width: 300px) 100vw, 300px\" \/><\/div><a class=\"wp-block-latest-posts__post-title\" href=\"https:\/\/ella-wuensche.de\/jupiter_installation\/das-geheimnis-der-orangen\/\">Das Geheimnis der Orangen<\/a><\/li>\n<li><div class=\"wp-block-latest-posts__featured-image\"><img loading=\"lazy\" decoding=\"async\" width=\"300\" height=\"300\" src=\"https:\/\/ella-wuensche.de\/jupiter_installation\/wp-content\/uploads\/2024\/04\/Kachel_MeinHerz-300x300.jpg\" class=\"attachment-medium size-medium wp-post-image\" alt=\"\" style=\"\" srcset=\"https:\/\/ella-wuensche.de\/jupiter_installation\/wp-content\/uploads\/2024\/04\/Kachel_MeinHerz-300x300.jpg 300w, https:\/\/ella-wuensche.de\/jupiter_installation\/wp-content\/uploads\/2024\/04\/Kachel_MeinHerz-1024x1024.jpg 1024w, https:\/\/ella-wuensche.de\/jupiter_installation\/wp-content\/uploads\/2024\/04\/Kachel_MeinHerz-150x150.jpg 150w, https:\/\/ella-wuensche.de\/jupiter_installation\/wp-content\/uploads\/2024\/04\/Kachel_MeinHerz-768x768.jpg 768w, https:\/\/ella-wuensche.de\/jupiter_installation\/wp-content\/uploads\/2024\/04\/Kachel_MeinHerz-1140x1140.jpg 1140w, https:\/\/ella-wuensche.de\/jupiter_installation\/wp-content\/uploads\/2024\/04\/Kachel_MeinHerz-75x75.jpg 75w, https:\/\/ella-wuensche.de\/jupiter_installation\/wp-content\/uploads\/2024\/04\/Kachel_MeinHerz.jpg 1200w\" sizes=\"auto, (max-width: 300px) 100vw, 300px\" \/><\/div><a class=\"wp-block-latest-posts__post-title\" href=\"https:\/\/ella-wuensche.de\/jupiter_installation\/mein-herz-wird-dir-folgen\/\">\u00bbMein Herz wird dir folgen\u00ab<\/a><\/li>\n<li><div class=\"wp-block-latest-posts__featured-image\"><img loading=\"lazy\" decoding=\"async\" width=\"300\" height=\"300\" src=\"https:\/\/ella-wuensche.de\/jupiter_installation\/wp-content\/uploads\/2024\/04\/Cover_HerzschmoekerNEU_kachel-300x300.jpg\" class=\"attachment-medium size-medium wp-post-image\" alt=\"\" style=\"\" srcset=\"https:\/\/ella-wuensche.de\/jupiter_installation\/wp-content\/uploads\/2024\/04\/Cover_HerzschmoekerNEU_kachel-300x300.jpg 300w, https:\/\/ella-wuensche.de\/jupiter_installation\/wp-content\/uploads\/2024\/04\/Cover_HerzschmoekerNEU_kachel-150x150.jpg 150w, https:\/\/ella-wuensche.de\/jupiter_installation\/wp-content\/uploads\/2024\/04\/Cover_HerzschmoekerNEU_kachel-768x768.jpg 768w, https:\/\/ella-wuensche.de\/jupiter_installation\/wp-content\/uploads\/2024\/04\/Cover_HerzschmoekerNEU_kachel-75x75.jpg 75w, https:\/\/ella-wuensche.de\/jupiter_installation\/wp-content\/uploads\/2024\/04\/Cover_HerzschmoekerNEU_kachel.jpg 1000w\" sizes=\"auto, (max-width: 300px) 100vw, 300px\" \/><\/div><a class=\"wp-block-latest-posts__post-title\" href=\"https:\/\/ella-wuensche.de\/jupiter_installation\/herz-schmoeker-club\/\">\u00bbHerz-Schm\u00f6ker-Club\u00ab<\/a><\/li>\n<li><div class=\"wp-block-latest-posts__featured-image\"><img loading=\"lazy\" decoding=\"async\" width=\"300\" height=\"300\" src=\"https:\/\/ella-wuensche.de\/jupiter_installation\/wp-content\/uploads\/2021\/07\/Instagram2Leni-300x300.jpg\" class=\"attachment-medium size-medium wp-post-image\" alt=\"\" style=\"\" srcset=\"https:\/\/ella-wuensche.de\/jupiter_installation\/wp-content\/uploads\/2021\/07\/Instagram2Leni-300x300.jpg 300w, https:\/\/ella-wuensche.de\/jupiter_installation\/wp-content\/uploads\/2021\/07\/Instagram2Leni-1024x1024.jpg 1024w, https:\/\/ella-wuensche.de\/jupiter_installation\/wp-content\/uploads\/2021\/07\/Instagram2Leni-150x150.jpg 150w, https:\/\/ella-wuensche.de\/jupiter_installation\/wp-content\/uploads\/2021\/07\/Instagram2Leni-768x768.jpg 768w, https:\/\/ella-wuensche.de\/jupiter_installation\/wp-content\/uploads\/2021\/07\/Instagram2Leni-1140x1140.jpg 1140w, https:\/\/ella-wuensche.de\/jupiter_installation\/wp-content\/uploads\/2021\/07\/Instagram2Leni-75x75.jpg 75w, https:\/\/ella-wuensche.de\/jupiter_installation\/wp-content\/uploads\/2021\/07\/Instagram2Leni.jpg 1449w\" sizes=\"auto, (max-width: 300px) 100vw, 300px\" \/><\/div><a class=\"wp-block-latest-posts__post-title\" href=\"https:\/\/ella-wuensche.de\/jupiter_installation\/cafe-sehnsucht-lenis-geheimnis\/\">\u00bbCaf\u00e9 Sehnsucht: Lenis Geheimnis\u00ab<\/a><\/li>\n<li><div class=\"wp-block-latest-posts__featured-image\"><img loading=\"lazy\" decoding=\"async\" width=\"192\" height=\"300\" src=\"https:\/\/ella-wuensche.de\/jupiter_installation\/wp-content\/uploads\/2017\/07\/cover_final._in_ebook-192x300.jpg\" class=\"attachment-medium size-medium wp-post-image\" alt=\"\" style=\"\" srcset=\"https:\/\/ella-wuensche.de\/jupiter_installation\/wp-content\/uploads\/2017\/07\/cover_final._in_ebook-192x300.jpg 192w, https:\/\/ella-wuensche.de\/jupiter_installation\/wp-content\/uploads\/2017\/07\/cover_final._in_ebook-768x1200.jpg 768w, https:\/\/ella-wuensche.de\/jupiter_installation\/wp-content\/uploads\/2017\/07\/cover_final._in_ebook-655x1024.jpg 655w, https:\/\/ella-wuensche.de\/jupiter_installation\/wp-content\/uploads\/2017\/07\/cover_final._in_ebook-166x260.jpg 166w, https:\/\/ella-wuensche.de\/jupiter_installation\/wp-content\/uploads\/2017\/07\/cover_final._in_ebook-819x1280.jpg 819w, https:\/\/ella-wuensche.de\/jupiter_installation\/wp-content\/uploads\/2017\/07\/cover_final._in_ebook-492x768.jpg 492w, https:\/\/ella-wuensche.de\/jupiter_installation\/wp-content\/uploads\/2017\/07\/cover_final._in_ebook-265x414.jpg 265w, https:\/\/ella-wuensche.de\/jupiter_installation\/wp-content\/uploads\/2017\/07\/cover_final._in_ebook-1229x1920.jpg 1229w, https:\/\/ella-wuensche.de\/jupiter_installation\/wp-content\/uploads\/2017\/07\/cover_final._in_ebook-414x647.jpg 414w, https:\/\/ella-wuensche.de\/jupiter_installation\/wp-content\/uploads\/2017\/07\/cover_final._in_ebook-e1500975851334.jpg 180w\" sizes=\"auto, (max-width: 192px) 100vw, 192px\" \/><\/div><a class=\"wp-block-latest-posts__post-title\" href=\"https:\/\/ella-wuensche.de\/jupiter_installation\/tausend-farben-des-gluecks\/\">\u00bbTausend Farben des Gl\u00fccks\u00ab<\/a><\/li>\n<li><div class=\"wp-block-latest-posts__featured-image\"><img loading=\"lazy\" decoding=\"async\" width=\"194\" height=\"300\" src=\"https:\/\/ella-wuensche.de\/jupiter_installation\/wp-content\/uploads\/2017\/01\/cover_mandeleis_web_mini-194x300.jpg\" class=\"attachment-medium size-medium wp-post-image\" alt=\"\" style=\"\" srcset=\"https:\/\/ella-wuensche.de\/jupiter_installation\/wp-content\/uploads\/2017\/01\/cover_mandeleis_web_mini-194x300.jpg 194w, https:\/\/ella-wuensche.de\/jupiter_installation\/wp-content\/uploads\/2017\/01\/cover_mandeleis_web_mini-168x260.jpg 168w, https:\/\/ella-wuensche.de\/jupiter_installation\/wp-content\/uploads\/2017\/01\/cover_mandeleis_web_mini.jpg 200w\" sizes=\"auto, (max-width: 194px) 100vw, 194px\" \/><\/div><a class=\"wp-block-latest-posts__post-title\" href=\"https:\/\/ella-wuensche.de\/jupiter_installation\/der-geschmack-von-mandeleis\/\">\u00bbDer Geschmack von Mandeleis\u00ab<\/a><\/li>\n<li><div class=\"wp-block-latest-posts__featured-image\"><img loading=\"lazy\" decoding=\"async\" width=\"194\" height=\"300\" src=\"https:\/\/ella-wuensche.de\/jupiter_installation\/wp-content\/uploads\/2016\/04\/CoverNonne_eBook_Final_gross-194x300.jpg\" class=\"attachment-medium size-medium wp-post-image\" alt=\"\" style=\"\" srcset=\"https:\/\/ella-wuensche.de\/jupiter_installation\/wp-content\/uploads\/2016\/04\/CoverNonne_eBook_Final_gross-194x300.jpg 194w, https:\/\/ella-wuensche.de\/jupiter_installation\/wp-content\/uploads\/2016\/04\/CoverNonne_eBook_Final_gross-768x1186.jpg 768w, https:\/\/ella-wuensche.de\/jupiter_installation\/wp-content\/uploads\/2016\/04\/CoverNonne_eBook_Final_gross-663x1024.jpg 663w, https:\/\/ella-wuensche.de\/jupiter_installation\/wp-content\/uploads\/2016\/04\/CoverNonne_eBook_Final_gross-1200x1853.jpg 1200w, https:\/\/ella-wuensche.de\/jupiter_installation\/wp-content\/uploads\/2016\/04\/CoverNonne_eBook_Final_gross.jpg 1600w\" sizes=\"auto, (max-width: 194px) 100vw, 194px\" \/><\/div><a class=\"wp-block-latest-posts__post-title\" href=\"https:\/\/ella-wuensche.de\/jupiter_installation\/drei-kusse-fur-ein-halleluja\/\">\u00bbDrei K\u00fcsse f\u00fcr ein Halleluja\u00ab<\/a><\/li>\n<li><div class=\"wp-block-latest-posts__featured-image\"><img loading=\"lazy\" decoding=\"async\" width=\"194\" height=\"300\" src=\"https:\/\/ella-wuensche.de\/jupiter_installation\/wp-content\/uploads\/2016\/03\/CoverErdbeersaftGross-194x300.jpg\" class=\"attachment-medium size-medium wp-post-image\" alt=\"\" style=\"\" srcset=\"https:\/\/ella-wuensche.de\/jupiter_installation\/wp-content\/uploads\/2016\/03\/CoverErdbeersaftGross-194x300.jpg 194w, https:\/\/ella-wuensche.de\/jupiter_installation\/wp-content\/uploads\/2016\/03\/CoverErdbeersaftGross-768x1186.jpg 768w, https:\/\/ella-wuensche.de\/jupiter_installation\/wp-content\/uploads\/2016\/03\/CoverErdbeersaftGross-663x1024.jpg 663w, https:\/\/ella-wuensche.de\/jupiter_installation\/wp-content\/uploads\/2016\/03\/CoverErdbeersaftGross-1200x1852.jpg 1200w, https:\/\/ella-wuensche.de\/jupiter_installation\/wp-content\/uploads\/2016\/03\/CoverErdbeersaftGross.jpg 1900w\" sizes=\"auto, (max-width: 194px) 100vw, 194px\" \/><\/div><a class=\"wp-block-latest-posts__post-title\" href=\"https:\/\/ella-wuensche.de\/jupiter_installation\/der-duft-von-erdbeersaft\/\">\u00bbDer Duft von Erdbeersaft\u00ab<\/a><\/li>\n<li><div class=\"wp-block-latest-posts__featured-image\"><img loading=\"lazy\" decoding=\"async\" width=\"194\" height=\"300\" src=\"https:\/\/ella-wuensche.de\/jupiter_installation\/wp-content\/uploads\/2016\/02\/CoverZitronengeheimnis_mittelgross-194x300.jpg\" class=\"attachment-medium size-medium wp-post-image\" alt=\"\" style=\"\" srcset=\"https:\/\/ella-wuensche.de\/jupiter_installation\/wp-content\/uploads\/2016\/02\/CoverZitronengeheimnis_mittelgross-194x300.jpg 194w, https:\/\/ella-wuensche.de\/jupiter_installation\/wp-content\/uploads\/2016\/02\/CoverZitronengeheimnis_mittelgross-768x1185.jpg 768w, https:\/\/ella-wuensche.de\/jupiter_installation\/wp-content\/uploads\/2016\/02\/CoverZitronengeheimnis_mittelgross-663x1024.jpg 663w, https:\/\/ella-wuensche.de\/jupiter_installation\/wp-content\/uploads\/2016\/02\/CoverZitronengeheimnis_mittelgross.jpg 1200w\" sizes=\"auto, (max-width: 194px) 100vw, 194px\" \/><\/div><a class=\"wp-block-latest-posts__post-title\" href=\"https:\/\/ella-wuensche.de\/jupiter_installation\/das-geheimnis-der-zitronen\/\">\u00bbDas Geheimnis der Zitronen\u00ab<\/a><\/li>\n<li><div class=\"wp-block-latest-posts__featured-image\"><img loading=\"lazy\" decoding=\"async\" width=\"194\" height=\"300\" src=\"https:\/\/ella-wuensche.de\/jupiter_installation\/wp-content\/uploads\/2017\/01\/coverpralinenliebe_ebook_neu_klein-194x300.jpg\" class=\"attachment-medium size-medium wp-post-image\" alt=\"\" style=\"\" srcset=\"https:\/\/ella-wuensche.de\/jupiter_installation\/wp-content\/uploads\/2017\/01\/coverpralinenliebe_ebook_neu_klein-194x300.jpg 194w, https:\/\/ella-wuensche.de\/jupiter_installation\/wp-content\/uploads\/2017\/01\/coverpralinenliebe_ebook_neu_klein.jpg 350w\" sizes=\"auto, (max-width: 194px) 100vw, 194px\" \/><\/div><a class=\"wp-block-latest-posts__post-title\" href=\"https:\/\/ella-wuensche.de\/jupiter_installation\/pralinenliebe\/\">Pralinenliebe<\/a><\/li>\n<li><div class=\"wp-block-latest-posts__featured-image\"><img loading=\"lazy\" decoding=\"async\" width=\"300\" height=\"300\" src=\"https:\/\/ella-wuensche.de\/jupiter_installation\/wp-content\/uploads\/2014\/05\/Cover_klein-300x300.jpg\" class=\"attachment-medium size-medium wp-post-image\" alt=\"\" style=\"\" srcset=\"https:\/\/ella-wuensche.de\/jupiter_installation\/wp-content\/uploads\/2014\/05\/Cover_klein-300x300.jpg 300w, https:\/\/ella-wuensche.de\/jupiter_installation\/wp-content\/uploads\/2014\/05\/Cover_klein-150x150.jpg 150w\" sizes=\"auto, (max-width: 300px) 100vw, 300px\" \/><\/div><a class=\"wp-block-latest-posts__post-title\" href=\"https:\/\/ella-wuensche.de\/jupiter_installation\/der-neue-roman-ist-da-eine-unmogliche-liebe\/\">Der neue Roman ist da: &#8222;Eine (un)m\u00f6gliche Liebe&#8220;<\/a><\/li>\n<\/ul>\n\n\n<div style=\"height:100px\" aria-hidden=\"true\" class=\"wp-block-spacer\"><\/div>\n\n\n\n<div class=\"wp-block-media-text has-media-on-the-right is-stacked-on-mobile is-vertically-aligned-center has-background\" style=\"background-color:#f8f8f8\"><div class=\"wp-block-media-text__content\">\n<h3 class=\"wp-block-heading has-text-color has-link-color wp-elements-8f702b259b107a3ee53a5258846096f4\" style=\"color:#f30a6c\">Abonniere meinen Newsletter \u2026<\/h3>\n\n\n\n<p>\u2026 und erhalte als Dankesch\u00f6n Rezeptb\u00fccher zu meinen Romanen als eBooks. Mein Newsletter erscheint drei- bis viermal im Jahr und informiert \u00fcber meine Neuerscheinungen.<\/p>\n\n\n\n<div style=\"height:23px\" aria-hidden=\"true\" class=\"wp-block-spacer\"><\/div>\n\n\n\n<div class=\"wp-block-buttons is-layout-flex wp-block-buttons-is-layout-flex\">\n<div class=\"wp-block-button is-style-outline is-style-outline--1\"><a class=\"wp-block-button__link has-white-color has-text-color has-background has-link-color wp-element-button\" href=\"https:\/\/mailchi.mp\/70b8128d57ff\/kochbuch-newsletter-anmeldung\" style=\"background-color:#f30a6c\">Zur Newsletter-Anmeldung<\/a><\/div>\n<\/div>\n\n\n\n<div style=\"height:13px\" aria-hidden=\"true\" class=\"wp-block-spacer\"><\/div>\n<\/div><figure class=\"wp-block-media-text__media\"><img loading=\"lazy\" decoding=\"async\" width=\"1024\" height=\"604\" src=\"https:\/\/ella-wuensche.de\/jupiter_installation\/wp-content\/uploads\/2024\/03\/87082c8f-331e-43d0-3fa1-dfa2bd22ce7d-1024x604.jpg\" alt=\"\" class=\"wp-image-843 size-full\" srcset=\"https:\/\/ella-wuensche.de\/jupiter_installation\/wp-content\/uploads\/2024\/03\/87082c8f-331e-43d0-3fa1-dfa2bd22ce7d-1024x604.jpg 1024w, https:\/\/ella-wuensche.de\/jupiter_installation\/wp-content\/uploads\/2024\/03\/87082c8f-331e-43d0-3fa1-dfa2bd22ce7d-300x177.jpg 300w, https:\/\/ella-wuensche.de\/jupiter_installation\/wp-content\/uploads\/2024\/03\/87082c8f-331e-43d0-3fa1-dfa2bd22ce7d-768x453.jpg 768w, https:\/\/ella-wuensche.de\/jupiter_installation\/wp-content\/uploads\/2024\/03\/87082c8f-331e-43d0-3fa1-dfa2bd22ce7d-1140x673.jpg 1140w, https:\/\/ella-wuensche.de\/jupiter_installation\/wp-content\/uploads\/2024\/03\/87082c8f-331e-43d0-3fa1-dfa2bd22ce7d.jpg 1400w\" sizes=\"auto, (max-width: 1024px) 100vw, 1024px\" \/><\/figure><\/div>\n","protected":false},"excerpt":{"rendered":"<p>Auf dieser Seite findest du eine \u00dcbersicht \u00fcber meine Romane in der Reihenfolge der Ver\u00f6ffentlichung. Eine \u00dcbersicht \u00fcber meine Caf\u00e9 Sehnsucht-Reihe findest du auf dieser Seite.<\/p>\n","protected":false},"author":1,"featured_media":0,"parent":0,"menu_order":0,"comment_status":"closed","ping_status":"closed","template":"","meta":{"footnotes":""},"class_list":["post-174","page","type-page","status-publish","hentry"],"acf":[],"_links":{"self":[{"href":"https:\/\/ella-wuensche.de\/jupiter_installation\/wp-json\/wp\/v2\/pages\/174","targetHints":{"allow":["GET"]}}],"collection":[{"href":"https:\/\/ella-wuensche.de\/jupiter_installation\/wp-json\/wp\/v2\/pages"}],"about":[{"href":"https:\/\/ella-wuensche.de\/jupiter_installation\/wp-json\/wp\/v2\/types\/page"}],"author":[{"embeddable":true,"href":"https:\/\/ella-wuensche.de\/jupiter_installation\/wp-json\/wp\/v2\/users\/1"}],"replies":[{"embeddable":true,"href":"https:\/\/ella-wuensche.de\/jupiter_installation\/wp-json\/wp\/v2\/comments?post=174"}],"version-history":[{"count":17,"href":"https:\/\/ella-wuensche.de\/jupiter_installation\/wp-json\/wp\/v2\/pages\/174\/revisions"}],"predecessor-version":[{"id":1000,"href":"https:\/\/ella-wuensche.de\/jupiter_installation\/wp-json\/wp\/v2\/pages\/174\/revisions\/1000"}],"wp:attachment":[{"href":"https:\/\/ella-wuensche.de\/jupiter_installation\/wp-json\/wp\/v2\/media?parent=174"}],"curies":[{"name":"wp","href":"https:\/\/api.w.org\/{rel}","templated":true}]}}