{"id":156,"date":"2016-04-17T19:55:40","date_gmt":"2016-04-17T19:55:40","guid":{"rendered":"http:\/\/ella-wuensche.de\/?page_id=156"},"modified":"2024-04-01T12:46:48","modified_gmt":"2024-04-01T12:46:48","slug":"das-geheimnis-der-zitronen","status":"publish","type":"page","link":"https:\/\/ella-wuensche.de\/jupiter_installation\/das-geheimnis-der-zitronen\/","title":{"rendered":"Das Geheimnis der Zitronen"},"content":{"rendered":"<div class=\"wp-block-image\">\n<figure class=\"aligncenter\"><a href=\"https:\/\/ella-wuensche.de\/jupiter_installation\/wp-content\/uploads\/2016\/02\/CoverZitronengeheimnis_mittelgross.jpg\"><img loading=\"lazy\" decoding=\"async\" width=\"194\" height=\"300\" src=\"https:\/\/ella-wuensche.de\/jupiter_installation\/wp-content\/uploads\/2016\/02\/CoverZitronengeheimnis_mittelgross-194x300.jpg\" alt=\"CoverZitronengeheimnis_mittelgross\" class=\"wp-image-141\" srcset=\"https:\/\/ella-wuensche.de\/jupiter_installation\/wp-content\/uploads\/2016\/02\/CoverZitronengeheimnis_mittelgross-194x300.jpg 194w, https:\/\/ella-wuensche.de\/jupiter_installation\/wp-content\/uploads\/2016\/02\/CoverZitronengeheimnis_mittelgross-768x1185.jpg 768w, https:\/\/ella-wuensche.de\/jupiter_installation\/wp-content\/uploads\/2016\/02\/CoverZitronengeheimnis_mittelgross-663x1024.jpg 663w, https:\/\/ella-wuensche.de\/jupiter_installation\/wp-content\/uploads\/2016\/02\/CoverZitronengeheimnis_mittelgross.jpg 1200w\" sizes=\"auto, (max-width: 194px) 100vw, 194px\" \/><\/a><\/figure>\n<\/div>\n\n\n<div style=\"height:28px\" aria-hidden=\"true\" class=\"wp-block-spacer\"><\/div>\n\n\n\n<p><strong>Der kindle-Nr.1-Bestseller<\/strong><\/p>\n\n\n\n<div style=\"height:40px\" aria-hidden=\"true\" class=\"wp-block-spacer\"><\/div>\n\n\n\n<p class=\"has-drop-cap\">Julie f\u00e4llt aus allen Wolken; die Kellnerin erbt eine Villa von ihrer Gro\u00dfmutter, die sie nie kennengelernt hat. In dem geheimnisumwobenen Heidelberger Anwesen hofft Julie, mehr \u00fcber ihre eigene Herkunft zu erfahren und endlich mit ihrer chaotischen Familiengeschichte abschlie\u00dfen zu k\u00f6nnen. Durch Zufall ger\u00e4t sie auf die Spur einer gro\u00dfen Liebesgeschichte, die Jahrzehnte \u00fcberdauerte und bis heute nachwirkt.<\/p>\n\n\n\n<p>Mit dem alten Haus erbt Julie auch einen unliebsamen Mitbewohner: Marc hat bei einem Unfall ein Bein verloren und ist verbittert. Trotzdem \u00fcbt er eine sonderbare Anziehungskraft auf Julie aus.<\/p>\n\n\n\n<div style=\"height:43px\" aria-hidden=\"true\" class=\"wp-block-spacer\"><\/div>\n\n\n\n<div class=\"wp-block-buttons is-layout-flex wp-block-buttons-is-layout-flex\">\n<div class=\"wp-block-button\"><a class=\"wp-block-button__link wp-element-button\" href=\"https:\/\/www.amazon.de\/Das-Geheimnis-Zitronen-Ella-W\u00fcnsche-ebook\/dp\/B014G2II8S\">eBook bei Amazon<\/a><\/div>\n\n\n\n<div class=\"wp-block-button\"><a class=\"wp-block-button__link wp-element-button\" href=\"https:\/\/www.amazon.de\/Das-Geheimnis-der-Zitronen\/dp\/B0756C1ZQJ\/\">Audible H\u00f6rbuch<\/a><\/div>\n<\/div>\n","protected":false},"excerpt":{"rendered":"<p>Der kindle-Nr.1-Bestseller Julie f\u00e4llt aus allen Wolken; die Kellnerin erbt eine Villa von ihrer Gro\u00dfmutter, die sie nie kennengelernt hat. In dem geheimnisumwobenen Heidelberger Anwesen hofft Julie, mehr \u00fcber ihre eigene Herkunft zu erfahren und endlich mit ihrer chaotischen Familiengeschichte abschlie\u00dfen zu k\u00f6nnen. Durch Zufall ger\u00e4t sie auf die Spur einer gro\u00dfen Liebesgeschichte, die Jahrzehnte \u00fcberdauerte und bis heute nachwirkt. Mit dem alten Haus erbt Julie auch einen unliebsamen Mitbewohner: Marc hat bei einem Unfall ein Bein verloren und ist verbittert. Trotzdem \u00fcbt er eine sonderbare Anziehungskraft auf Julie aus.<\/p>\n","protected":false},"author":1,"featured_media":0,"parent":0,"menu_order":0,"comment_status":"closed","ping_status":"closed","template":"","meta":{"footnotes":""},"class_list":["post-156","page","type-page","status-publish","hentry"],"acf":[],"_links":{"self":[{"href":"https:\/\/ella-wuensche.de\/jupiter_installation\/wp-json\/wp\/v2\/pages\/156","targetHints":{"allow":["GET"]}}],"collection":[{"href":"https:\/\/ella-wuensche.de\/jupiter_installation\/wp-json\/wp\/v2\/pages"}],"about":[{"href":"https:\/\/ella-wuensche.de\/jupiter_installation\/wp-json\/wp\/v2\/types\/page"}],"author":[{"embeddable":true,"href":"https:\/\/ella-wuensche.de\/jupiter_installation\/wp-json\/wp\/v2\/users\/1"}],"replies":[{"embeddable":true,"href":"https:\/\/ella-wuensche.de\/jupiter_installation\/wp-json\/wp\/v2\/comments?post=156"}],"version-history":[{"count":3,"href":"https:\/\/ella-wuensche.de\/jupiter_installation\/wp-json\/wp\/v2\/pages\/156\/revisions"}],"predecessor-version":[{"id":928,"href":"https:\/\/ella-wuensche.de\/jupiter_installation\/wp-json\/wp\/v2\/pages\/156\/revisions\/928"}],"wp:attachment":[{"href":"https:\/\/ella-wuensche.de\/jupiter_installation\/wp-json\/wp\/v2\/media?parent=156"}],"curies":[{"name":"wp","href":"https:\/\/api.w.org\/{rel}","templated":true}]}}