{"id":14,"date":"2013-12-10T08:55:40","date_gmt":"2013-12-10T08:55:40","guid":{"rendered":"http:\/\/ella-wuensche.de\/?page_id=14"},"modified":"2024-04-08T12:48:59","modified_gmt":"2024-04-08T12:48:59","slug":"uber-die-autorin","status":"publish","type":"page","link":"https:\/\/ella-wuensche.de\/jupiter_installation\/uber-die-autorin\/","title":{"rendered":"\u00dcber die Autorin"},"content":{"rendered":"\n<hr class=\"wp-block-separator has-css-opacity\"\/>\n\n\n\n<div style=\"height:15px\" aria-hidden=\"true\" class=\"wp-block-spacer\"><\/div>\n\n\n\n<div class=\"wp-block-media-text has-media-on-the-right is-stacked-on-mobile\" style=\"grid-template-columns:auto 48%\"><div class=\"wp-block-media-text__content\">\n<div style=\"height:21px\" aria-hidden=\"true\" class=\"wp-block-spacer\"><\/div>\n\n\n\n<p><strong>Ella W\u00fcnsche<\/strong> liebt Geschichten, Geheimnisse und gutes Essen. Ihr erster Roman, &#8222;Das Leben ist (k)ein Brautstrau\u00df&#8220;, war ein \u00dcberraschungserfolg im eBook-Weihnachtsgesch\u00e4ft 2013. Mit &#8222;Das Geheimnis der Zitronen&#8220; und &#8222;Der Geschmack von Mandeleis&#8220; erreichte sie Platz 1 der kindle-Bestsellerliste.<\/p>\n\n\n\n<div style=\"height:16px\" aria-hidden=\"true\" class=\"wp-block-spacer\"><\/div>\n\n\n\n<p>Sie lebt mit ihrer Familie in der N\u00e4he von Heidelberg und geht liebend gern auf Reisen, um sich von Menschen und deren Geschichten inspirieren zu lassen.<\/p>\n<\/div><figure class=\"wp-block-media-text__media\"><img loading=\"lazy\" decoding=\"async\" width=\"1000\" height=\"1000\" src=\"https:\/\/ella-wuensche.de\/jupiter_installation\/wp-content\/uploads\/2024\/04\/2024EllaBosnien.jpg\" alt=\"\" class=\"wp-image-1039 size-full\" srcset=\"https:\/\/ella-wuensche.de\/jupiter_installation\/wp-content\/uploads\/2024\/04\/2024EllaBosnien.jpg 1000w, https:\/\/ella-wuensche.de\/jupiter_installation\/wp-content\/uploads\/2024\/04\/2024EllaBosnien-300x300.jpg 300w, https:\/\/ella-wuensche.de\/jupiter_installation\/wp-content\/uploads\/2024\/04\/2024EllaBosnien-150x150.jpg 150w, https:\/\/ella-wuensche.de\/jupiter_installation\/wp-content\/uploads\/2024\/04\/2024EllaBosnien-768x768.jpg 768w, https:\/\/ella-wuensche.de\/jupiter_installation\/wp-content\/uploads\/2024\/04\/2024EllaBosnien-75x75.jpg 75w\" sizes=\"auto, (max-width: 1000px) 100vw, 1000px\" \/><\/figure><\/div>\n\n\n\n<div style=\"height:79px\" aria-hidden=\"true\" class=\"wp-block-spacer\"><\/div>\n\n\n\n<h4 class=\"wp-block-heading has-text-align-center\">Videointerview 2017<\/h4>\n\n\n\n<div style=\"height:11px\" aria-hidden=\"true\" class=\"wp-block-spacer\"><\/div>\n\n\n<figure class=\"wp-block-embed-youtube wp-block-embed is-type-video is-provider-youtube wp-embed-aspect-16-9 wp-has-aspect-ratio\"><div class=\"lyte-wrapper\" style=\"width:640px;max-width:100%;margin:5px auto;\"><div class=\"lyMe\" id=\"WYL_oH21jT6k_HU\"><div id=\"lyte_oH21jT6k_HU\" data-src=\"https:\/\/ella-wuensche.de\/jupiter_installation\/wp-content\/plugins\/wp-youtube-lyte\/lyteCache.php?origThumbUrl=%2F%2Fi.ytimg.com%2Fvi%2FoH21jT6k_HU%2Fhqdefault.jpg\" class=\"pL\"><div class=\"tC\"><div class=\"tT\"><\/div><\/div><div class=\"play\"><\/div><div class=\"ctrl\"><div class=\"Lctrl\"><\/div><div class=\"Rctrl\"><\/div><\/div><\/div><noscript><a href=\"https:\/\/youtu.be\/oH21jT6k_HU\" rel=\"nofollow\"><img loading=\"lazy\" decoding=\"async\" src=\"https:\/\/ella-wuensche.de\/jupiter_installation\/wp-content\/plugins\/wp-youtube-lyte\/lyteCache.php?origThumbUrl=https%3A%2F%2Fi.ytimg.com%2Fvi%2FoH21jT6k_HU%2F0.jpg\" alt=\"YouTube-Video-Thumbnail\" width=\"640\" height=\"340\" \/><br \/>Dieses Video auf YouTube ansehen<\/a><\/noscript><\/div><\/div><div class=\"lL\" style=\"max-width:100%;width:640px;margin:5px auto;\"><\/div><figcaption><\/figcaption><\/figure>\n\n\n<p class=\"has-text-align-center\">\u00a0<\/p>\n\n\n\n<h4 class=\"wp-block-heading has-text-align-center\">Steckbrief<\/h4>\n\n\n\n<div class=\"wp-block-group\"><div class=\"wp-block-group__inner-container is-layout-constrained wp-block-group-is-layout-constrained\">\n<div class=\"wp-block-columns are-vertically-aligned-top is-layout-flex wp-container-core-columns-is-layout-9d6595d7 wp-block-columns-is-layout-flex\">\n<div class=\"wp-block-column is-vertically-aligned-top is-layout-flow wp-block-column-is-layout-flow\" style=\"flex-basis:100%\">\n<blockquote class=\"wp-block-quote is-layout-flow wp-block-quote-is-layout-flow\">\n<figure class=\"wp-block-image size-full is-resized\"><img loading=\"lazy\" decoding=\"async\" width=\"500\" height=\"615\" src=\"https:\/\/ella-wuensche.de\/jupiter_installation\/wp-content\/uploads\/2017\/01\/ellabuecher.png\" alt=\"\" class=\"wp-image-549\" style=\"width:227px;height:auto\" srcset=\"https:\/\/ella-wuensche.de\/jupiter_installation\/wp-content\/uploads\/2017\/01\/ellabuecher.png 500w, https:\/\/ella-wuensche.de\/jupiter_installation\/wp-content\/uploads\/2017\/01\/ellabuecher-244x300.png 244w, https:\/\/ella-wuensche.de\/jupiter_installation\/wp-content\/uploads\/2017\/01\/ellabuecher-211x260.png 211w, https:\/\/ella-wuensche.de\/jupiter_installation\/wp-content\/uploads\/2017\/01\/ellabuecher-337x414.png 337w, https:\/\/ella-wuensche.de\/jupiter_installation\/wp-content\/uploads\/2017\/01\/ellabuecher-414x509.png 414w\" sizes=\"auto, (max-width: 500px) 100vw, 500px\" \/><\/figure>\n\n\n\n<div style=\"height:28px\" aria-hidden=\"true\" class=\"wp-block-spacer\"><\/div>\n\n\n\n<p><em>Lieblingsschreibort:&nbsp;<\/em>Couch<\/p>\n\n\n\n<p><em>Wohnort:&nbsp;<\/em>Bei Heidelberg<\/p>\n\n\n\n<p><em>Hobbys:&nbsp;<\/em>Filmemachen, Kochen, Familie<\/p>\n\n\n\n<p><em>Lieblingsautoren: &nbsp;<\/em>John Irving,&nbsp;Charlotte Bront\u00eb, Dostojewski und viele andere &#8230;<\/p>\n<\/blockquote>\n<\/div>\n<\/div>\n<\/div><\/div>\n\n\n\n<div style=\"height:52px\" aria-hidden=\"true\" class=\"wp-block-spacer\"><\/div>\n\n\n\n<div style=\"height:100px\" aria-hidden=\"true\" class=\"wp-block-spacer\"><\/div>\n","protected":false},"excerpt":{"rendered":"<p>Videointerview 2017 \u00a0 Steckbrief Lieblingsschreibort:&nbsp;Couch Wohnort:&nbsp;Bei Heidelberg Hobbys:&nbsp;Filmemachen, Kochen, Familie Lieblingsautoren: &nbsp;John Irving,&nbsp;Charlotte Bront\u00eb, Dostojewski und viele andere &#8230;<\/p>\n","protected":false},"author":1,"featured_media":0,"parent":0,"menu_order":0,"comment_status":"closed","ping_status":"closed","template":"","meta":{"footnotes":""},"class_list":["post-14","page","type-page","status-publish","hentry"],"acf":[],"_links":{"self":[{"href":"https:\/\/ella-wuensche.de\/jupiter_installation\/wp-json\/wp\/v2\/pages\/14","targetHints":{"allow":["GET"]}}],"collection":[{"href":"https:\/\/ella-wuensche.de\/jupiter_installation\/wp-json\/wp\/v2\/pages"}],"about":[{"href":"https:\/\/ella-wuensche.de\/jupiter_installation\/wp-json\/wp\/v2\/types\/page"}],"author":[{"embeddable":true,"href":"https:\/\/ella-wuensche.de\/jupiter_installation\/wp-json\/wp\/v2\/users\/1"}],"replies":[{"embeddable":true,"href":"https:\/\/ella-wuensche.de\/jupiter_installation\/wp-json\/wp\/v2\/comments?post=14"}],"version-history":[{"count":27,"href":"https:\/\/ella-wuensche.de\/jupiter_installation\/wp-json\/wp\/v2\/pages\/14\/revisions"}],"predecessor-version":[{"id":1046,"href":"https:\/\/ella-wuensche.de\/jupiter_installation\/wp-json\/wp\/v2\/pages\/14\/revisions\/1046"}],"wp:attachment":[{"href":"https:\/\/ella-wuensche.de\/jupiter_installation\/wp-json\/wp\/v2\/media?parent=14"}],"curies":[{"name":"wp","href":"https:\/\/api.w.org\/{rel}","templated":true}]}}