{"id":101,"date":"2014-09-30T14:22:22","date_gmt":"2014-09-30T14:22:22","guid":{"rendered":"http:\/\/ella-wuensche.de\/?page_id=101"},"modified":"2021-06-29T14:15:41","modified_gmt":"2021-06-29T14:15:41","slug":"pralinenliebe","status":"publish","type":"page","link":"https:\/\/ella-wuensche.de\/jupiter_installation\/pralinenliebe\/","title":{"rendered":"Pralinenliebe"},"content":{"rendered":"<p>[rev_slider alias=&#8220;buch01&#8243;]<\/p>\n<p><strong>Klappentext<\/strong><\/p>\n<p>Von einer guten Praline kann keine Frau die Finger lassen \u2013 genau wie von einem attraktiven Mann.<\/p>\n<p>Vor diesem Problem steht Kathie, als sie Frank kennenlernt, einen Unternehmensberater mit umwerfender Verlobter, hoch dotiertem Job und gro\u00dfen Pl\u00e4nen. F\u00fcr die Konditorin gibt es da eigentlich gar keinen Platz.<\/p>\n<p>Und dennoch: Wenn sie zusammen sind, verlieren alle anderen S\u00fc\u00dfigkeiten ihren Reiz.<\/p>\n<p><strong>Jetzt als eBook bei Amazon kaufen: <a href=\"http:\/\/bit.ly\/pralinenliebe\">Pralinenliebe<\/a><\/strong><\/p>\n<p>Das &#8222;Pralinen-Magazin&#8220; zur Buchmesse:<\/p>\n<div class=\"issuuembed\" style=\"width: 525px; height: 372px;\" data-configid=\"0\/9881979\"><\/div>\n<p><script src=\"\/\/e.issuu.com\/embed.js\" async=\"true\" type=\"text\/javascript\"><\/script><\/p>\n","protected":false},"excerpt":{"rendered":"<p>[rev_slider alias=&#8220;buch01&#8243;] Klappentext Von einer guten Praline kann keine Frau die Finger lassen \u2013 genau wie von einem attraktiven Mann. Vor diesem Problem steht Kathie, als sie Frank kennenlernt, einen Unternehmensberater mit umwerfender Verlobter, hoch dotiertem Job und gro\u00dfen Pl\u00e4nen. F\u00fcr die Konditorin gibt es da eigentlich gar keinen Platz. Und dennoch: Wenn sie zusammen sind, verlieren alle anderen S\u00fc\u00dfigkeiten ihren Reiz. Jetzt als eBook bei Amazon kaufen: Pralinenliebe Das &#8222;Pralinen-Magazin&#8220; zur Buchmesse:<\/p>\n","protected":false},"author":1,"featured_media":0,"parent":0,"menu_order":0,"comment_status":"open","ping_status":"closed","template":"","meta":{"footnotes":""},"class_list":["post-101","page","type-page","status-publish","hentry"],"acf":[],"_links":{"self":[{"href":"https:\/\/ella-wuensche.de\/jupiter_installation\/wp-json\/wp\/v2\/pages\/101","targetHints":{"allow":["GET"]}}],"collection":[{"href":"https:\/\/ella-wuensche.de\/jupiter_installation\/wp-json\/wp\/v2\/pages"}],"about":[{"href":"https:\/\/ella-wuensche.de\/jupiter_installation\/wp-json\/wp\/v2\/types\/page"}],"author":[{"embeddable":true,"href":"https:\/\/ella-wuensche.de\/jupiter_installation\/wp-json\/wp\/v2\/users\/1"}],"replies":[{"embeddable":true,"href":"https:\/\/ella-wuensche.de\/jupiter_installation\/wp-json\/wp\/v2\/comments?post=101"}],"version-history":[{"count":4,"href":"https:\/\/ella-wuensche.de\/jupiter_installation\/wp-json\/wp\/v2\/pages\/101\/revisions"}],"predecessor-version":[{"id":678,"href":"https:\/\/ella-wuensche.de\/jupiter_installation\/wp-json\/wp\/v2\/pages\/101\/revisions\/678"}],"wp:attachment":[{"href":"https:\/\/ella-wuensche.de\/jupiter_installation\/wp-json\/wp\/v2\/media?parent=101"}],"curies":[{"name":"wp","href":"https:\/\/api.w.org\/{rel}","templated":true}]}}